{"id":1370,"date":"2020-01-02T09:28:08","date_gmt":"2020-01-02T09:28:08","guid":{"rendered":"http:\/\/wpdemo.archiwp.com\/engitech\/?page_id=1370"},"modified":"2025-03-18T00:19:06","modified_gmt":"2025-03-18T00:19:06","slug":"contact","status":"publish","type":"page","link":"https:\/\/bravinci.ma\/ar\/contact\/","title":{"rendered":"\u0627\u0644\u062a\u0648\u0627\u0635\u0644"},"content":{"rendered":"<div data-elementor-type=\"wp-page\" data-elementor-id=\"1370\" class=\"elementor elementor-1370\">\n\t\t\t\t\t\t<section class=\"elementor-section elementor-top-section elementor-element elementor-element-8c1b6b2 elementor-section-content-middle ot-traditional elementor-section-boxed elementor-section-height-default elementor-section-height-default\" data-id=\"8c1b6b2\" data-element_type=\"section\">\n\t\t\t\t\t\t<div class=\"elementor-container elementor-column-gap-extended\">\n\t\t\t\t\t<div class=\"elementor-column elementor-col-50 elementor-top-column elementor-element elementor-element-8416bc3 ot-column-items-top ot-flex-column-vertical\" data-id=\"8416bc3\" data-element_type=\"column\">\n\t\t\t<div class=\"elementor-widget-wrap elementor-element-populated\">\n\t\t\t\t\t\t<div class=\"elementor-element elementor-element-265d431 elementor-widget elementor-widget-iheading\" data-id=\"265d431\" data-element_type=\"widget\" data-widget_type=\"iheading.default\">\n\t\t\t\t<div class=\"elementor-widget-container\">\n\t\t\t\t\t\t\t<div class=\"ot-heading\">\r\n\t        <h2 class=\"main-heading\">\u062a\u0648\u0627\u0635\u0644 \u0645\u0639\u0646\u0627<\/h2>\t    <\/div>\r\n\t    \t\t\t\t<\/div>\n\t\t\t\t<\/div>\n\t\t\t\t<div class=\"elementor-element elementor-element-d1b9e95 elementor-widget elementor-widget-text-editor\" data-id=\"d1b9e95\" data-element_type=\"widget\" data-widget_type=\"text-editor.default\">\n\t\t\t\t<div class=\"elementor-widget-container\">\n\t\t\t\t\t\t\t\t\t<p>\u062a\u0648\u0627\u0635\u0644\u0648\u0627 \u0645\u0639\u0646\u0627 \u0641\u064a \u0623\u064a \u0648\u0642\u062a\u060c \u0648\u0646\u062d\u0646 \u0646\u062d\u0631\u0635 \u0639\u0644\u0649 \u0627\u0644\u0631\u062f \u0639\u0644\u0649 \u062c\u0645\u064a\u0639 \u0627\u0644\u0627\u0633\u062a\u0641\u0633\u0627\u0631\u0627\u062a \u062e\u0644\u0627\u0644 24 \u0633\u0627\u0639\u0629 \u0623\u064a\u0627\u0645 \u0627\u0644\u0639\u0645\u0644\u060c \u0648\u0633\u0646\u0643\u0648\u0646 \u0633\u0639\u062f\u0627\u0621 \u0628\u062a\u0642\u062f\u064a\u0645 \u0627\u0644\u0625\u062c\u0627\u0628\u0627\u062a \u0648\u0627\u0644\u062f\u0639\u0645 \u0627\u0644\u0643\u0627\u0645\u0644 \u0644\u0643\u0645.<\/p>\t\t\t\t\t\t\t\t<\/div>\n\t\t\t\t<\/div>\n\t\t<div class=\"elementor-element elementor-element-61dc86f e-con-full e-flex e-con e-parent\" data-id=\"61dc86f\" data-element_type=\"container\">\n\t\t\t\t<div class=\"elementor-element elementor-element-e4f6963 elementor-widget__width-initial elementor-widget elementor-widget-icontact_info\" data-id=\"e4f6963\" data-element_type=\"widget\" data-widget_type=\"icontact_info.default\">\n\t\t\t\t<div class=\"elementor-widget-container\">\n\t\t\t\t\t\t\t\t\t\t    \t<div class=\"contact-info box-style1\">\r\n\t\t\t\t\t\t\t\t    \t\t        <i class=\"flaticon-world-globe\"><\/i>\t\t\t        <div class=\"info-text\">\r\n\t\t\t        \t<h6>\u0627\u0644\u0639\u0646\u0648\u0627\u0646:<\/h6>\r\n\t\t\t        \t<p>237 \u0634\u0627\u0631\u0639 \u0627\u0644\u0648\u0631\u0648\u062f\u060c \u0628\u0648\u0632\u0646\u064a\u0642\u0629<\/p>\r\n\t\t\t        <\/div>\r\n\t\t\t    <\/div>\r\n\t\t    \t    \t\t\t\t<\/div>\n\t\t\t\t<\/div>\n\t\t\t\t<div class=\"elementor-element elementor-element-cdb1ac3 elementor-widget__width-initial elementor-widget elementor-widget-icontact_info\" data-id=\"cdb1ac3\" data-element_type=\"widget\" data-widget_type=\"icontact_info.default\">\n\t\t\t\t<div class=\"elementor-widget-container\">\n\t\t\t\t\t\t\t\t\t\t    \t<div class=\"contact-info box-style1\">\r\n\t\t\t\t\t\t\t\t    \t\t        <i class=\"flaticon-envelope\"><\/i>\t\t\t        <div class=\"info-text\">\r\n\t\t\t        \t<h6>\u0627\u0644\u0628\u0631\u064a\u062f \u0627\u0644\u0625\u0644\u0643\u062a\u0631\u0648\u0646\u064a:<\/h6>\r\n\t\t\t        \t<p>contact@bravinci.ma<\/p>\r\n\t\t\t        <\/div>\r\n\t\t\t    <\/div>\r\n\t\t    \t    \t\t\t\t<\/div>\n\t\t\t\t<\/div>\n\t\t\t\t<div class=\"elementor-element elementor-element-d0e627e elementor-widget__width-initial elementor-widget elementor-widget-icontact_info\" data-id=\"d0e627e\" data-element_type=\"widget\" data-widget_type=\"icontact_info.default\">\n\t\t\t\t<div class=\"elementor-widget-container\">\n\t\t\t\t\t\t\t\t\t\t    \t<div class=\"contact-info box-style1\">\r\n\t\t\t\t\t\t\t\t    \t\t        <i class=\"flaticon-phone-1\"><\/i>\t\t\t        <div class=\"info-text\">\r\n\t\t\t        \t<h6>\u0627\u0644\u0647\u0627\u062a\u0641:<\/h6>\r\n\t\t\t        \t<p>+31 611-701-159<\/p>\r\n\t\t\t        <\/div>\r\n\t\t\t    <\/div>\r\n\t\t    \t    \t\t\t\t<\/div>\n\t\t\t\t<\/div>\n\t\t\t\t<div class=\"elementor-element elementor-element-7fb4e0f elementor-widget__width-initial elementor-widget elementor-widget-icontact_info\" data-id=\"7fb4e0f\" data-element_type=\"widget\" data-widget_type=\"icontact_info.default\">\n\t\t\t\t<div class=\"elementor-widget-container\">\n\t\t\t\t\t\t\t\t\t\t    \t<div class=\"contact-info box-style1\">\r\n\t\t\t\t\t\t\t\t    \t\t        <i class=\"flaticon-phone-1\"><\/i>\t\t\t        <div class=\"info-text\">\r\n\t\t\t        \t<h6>\u0627\u0644\u0647\u0627\u062a\u0641:<\/h6>\r\n\t\t\t        \t<p>+31 614-855-181<\/p>\r\n\t\t\t        <\/div>\r\n\t\t\t    <\/div>\r\n\t\t    \t    \t\t\t\t<\/div>\n\t\t\t\t<\/div>\n\t\t\t\t<\/div>\n\t\t\t\t<div class=\"elementor-element elementor-element-ce4de58 elementor-widget elementor-widget-iheading\" data-id=\"ce4de58\" data-element_type=\"widget\" data-widget_type=\"iheading.default\">\n\t\t\t\t<div class=\"elementor-widget-container\">\n\t\t\t\t\t\t\t<div class=\"ot-heading\">\r\n\t        \t            <span>\u0633\u0627\u0639\u0627\u062a \u0627\u0644\u0639\u0645\u0644 :<\/span>\r\n\t        <h2 class=\"main-heading\">\n<\/h2>\t    <\/div>\r\n\t    \t\t\t\t<\/div>\n\t\t\t\t<\/div>\n\t\t\t\t<div class=\"elementor-element elementor-element-f1053bf elementor-widget elementor-widget-text-editor\" data-id=\"f1053bf\" data-element_type=\"widget\" data-widget_type=\"text-editor.default\">\n\t\t\t\t<div class=\"elementor-widget-container\">\n\t\t\t\t\t\t\t\t\t<p>\u0627\u0644\u0625\u062b\u0646\u064a\u0646 \u2013 \u0627\u0644\u062c\u0645\u0639\u0629 : <strong>08:00 \u0635\u0628\u0627\u062d\u064b\u0627<\/strong> \u0625\u0644\u0649 <strong>06:00 \u0645\u0633\u0627\u0621\u064b<\/strong><br data-start=\"52\" data-end=\"55\" \/>\u0646\u0642\u0648\u0645 \u0628\u0625\u062f\u0627\u0631\u0629 \u062e\u062f\u0645\u0627\u062a\u0646\u0627 <strong>\u0639\u0644\u0649 \u0645\u062f\u0627\u0631 24 \u0633\u0627\u0639\u0629<\/strong> \u0648 <strong>\u0633\u0628\u0639\u0629 \u0623\u064a\u0627\u0645 \u0641\u064a \u0627\u0644\u0623\u0633\u0628\u0648\u0639<\/strong>.<\/p>\t\t\t\t\t\t\t\t<\/div>\n\t\t\t\t<\/div>\n\t\t\t\t\t<\/div>\n\t\t<\/div>\n\t\t\t\t<div class=\"elementor-column elementor-col-50 elementor-top-column elementor-element elementor-element-add1e18 ot-flex-column-vertical\" data-id=\"add1e18\" data-element_type=\"column\">\n\t\t\t<div class=\"elementor-widget-wrap elementor-element-populated\">\n\t\t\t\t\t\t<div class=\"elementor-element elementor-element-d735292 elementor-widget elementor-widget-iheading\" data-id=\"d735292\" data-element_type=\"widget\" data-widget_type=\"iheading.default\">\n\t\t\t\t<div class=\"elementor-widget-container\">\n\t\t\t\t\t\t\t<div class=\"ot-heading\">\r\n\t        \t            <span>\u064a\u0631\u062c\u0649 \u062a\u0639\u0628\u0626\u0629 \u0627\u0644\u0646\u0645\u0648\u0630\u062c \u0623\u062f\u0646\u0627\u0647 <\/span>\r\n\t        <h6 class=\"main-heading\">\u0633\u0646\u062d\u0631\u0635 \u0639\u0644\u0649 \u0627\u0644\u0631\u062f \u0639\u0644\u064a\u0643\u0645 \u0641\u064a \u0623\u0642\u0631\u0628 \u0648\u0642\u062a \u0645\u0645\u0643\u0646 \u0644\u0636\u0645\u0627\u0646 \u062e\u062f\u0645\u062a\u0643\u0645 \u0628\u0633\u0631\u0639\u0629 \u0648\u0641\u0639\u0627\u0644\u064a\u0629!<\/h6>\t    <\/div>\r\n\t    \t\t\t\t<\/div>\n\t\t\t\t<\/div>\n\t\t\t\t<div class=\"elementor-element elementor-element-5c60825 elementor-widget elementor-widget-shortcode\" data-id=\"5c60825\" data-element_type=\"widget\" data-widget_type=\"shortcode.default\">\n\t\t\t\t<div class=\"elementor-widget-container\">\n\t\t\t\t\t\t\t<div class=\"elementor-shortcode\">\n<div class=\"wpcf7 no-js\" id=\"wpcf7-f1379-o1\" lang=\"en-US\" dir=\"ltr\" data-wpcf7-id=\"1379\">\n<div class=\"screen-reader-response\"><p role=\"status\" aria-live=\"polite\" aria-atomic=\"true\"><\/p> <ul><\/ul><\/div>\n<form action=\"\/ar\/wp-json\/wp\/v2\/pages\/1370#wpcf7-f1379-o1\" method=\"post\" class=\"wpcf7-form init\" aria-label=\"Contact form\" novalidate=\"novalidate\" data-status=\"init\" data-trp-original-action=\"\/ar\/wp-json\/wp\/v2\/pages\/1370#wpcf7-f1379-o1\">\n<div style=\"display: none;\">\n<input type=\"hidden\" name=\"_wpcf7\" value=\"1379\" \/>\n<input type=\"hidden\" name=\"_wpcf7_version\" value=\"6.0.5\" \/>\n<input type=\"hidden\" name=\"_wpcf7_locale\" value=\"en_US\" \/>\n<input type=\"hidden\" name=\"_wpcf7_unit_tag\" value=\"wpcf7-f1379-o1\" \/>\n<input type=\"hidden\" name=\"_wpcf7_container_post\" value=\"0\" \/>\n<input type=\"hidden\" name=\"_wpcf7_posted_data_hash\" value=\"\" \/>\n<\/div>\n<div class=\"main-form\">\n\t<p class=\"font14\">\u062c\u0645\u064a\u0639 \u0627\u0644\u062d\u0642\u0648\u0644 \u0627\u0644\u0625\u0644\u0632\u0627\u0645\u064a\u0629 \u0645\u062d\u062f\u062f\u0629 \u0628\u0627\u0644\u0631\u0645\u0632 *\n\t<\/p>\n\t<p><span class=\"wpcf7-form-control-wrap\" data-name=\"your-name\"><input size=\"40\" maxlength=\"400\" class=\"wpcf7-form-control wpcf7-text wpcf7-validates-as-required\" aria-required=\"true\" aria-invalid=\"false\" placeholder=\"\u0627\u0644\u0627\u0633\u0645 \u0627\u0644\u0643\u0627\u0645\u0644 *\" value=\"\" type=\"text\" name=\"your-name\" \/><\/span>\n\t<\/p>\n\t<p><span class=\"wpcf7-form-control-wrap\" data-name=\"your-email\"><input size=\"40\" maxlength=\"400\" class=\"wpcf7-form-control wpcf7-email wpcf7-validates-as-required wpcf7-text wpcf7-validates-as-email\" aria-required=\"true\" aria-invalid=\"false\" placeholder=\"\u0627\u0644\u0628\u0631\u064a\u062f \u0627\u0644\u0625\u0644\u0643\u062a\u0631\u0648\u0646\u064a *\" value=\"\" type=\"email\" name=\"your-email\" \/><\/span>\n\t<\/p>\n\t<p><span class=\"wpcf7-form-control-wrap\" data-name=\"your-tel\"><input size=\"40\" maxlength=\"400\" class=\"wpcf7-form-control wpcf7-tel wpcf7-validates-as-required wpcf7-text wpcf7-validates-as-tel\" aria-required=\"true\" aria-invalid=\"false\" placeholder=\"\u0631\u0642\u0645 \u0627\u0644\u0647\u0627\u062a\u0641 *\" value=\"\" type=\"tel\" name=\"your-tel\" \/><\/span>\n\t<\/p>\n\t<p><span class=\"wpcf7-form-control-wrap\" data-name=\"your-message\"><textarea cols=\"40\" rows=\"10\" maxlength=\"2000\" class=\"wpcf7-form-control wpcf7-textarea\" aria-invalid=\"false\" placeholder=\"\u0627\u0643\u062a\u0628 \u0631\u0633\u0627\u0644\u062a\u0643 \u0647\u0646\u0627...\" name=\"your-message\"><\/textarea><\/span>\n\t<\/p>\n\t<p><button type=\"submit\" class=\"octf-btn octf-btn-light\">\u0623\u0631\u0633\u0644 \u0627\u0644\u0622\u0646<\/button>\n\t<\/p>\n<\/div><p style=\"display: none !important;\" class=\"akismet-fields-container\" data-prefix=\"_wpcf7_ak_\"><label>&#916;<textarea name=\"_wpcf7_ak_hp_textarea\" cols=\"45\" rows=\"8\" maxlength=\"100\"><\/textarea><\/label><input type=\"hidden\" id=\"ak_js_1\" name=\"_wpcf7_ak_js\" value=\"103\"\/><script>document.getElementById( \"ak_js_1\" ).setAttribute( \"value\", ( new Date() ).getTime() );<\/script><\/p><div class=\"wpcf7-response-output\" aria-hidden=\"true\"><\/div>\n<input type=\"hidden\" name=\"trp-form-language\" value=\"ar\"\/><\/form>\n<\/div>\n<\/div>\n\t\t\t\t\t\t<\/div>\n\t\t\t\t<\/div>\n\t\t\t\t\t<\/div>\n\t\t<\/div>\n\t\t\t\t\t<\/div>\n\t\t<\/section>\n\t\t\t\t<\/div>","protected":false},"excerpt":{"rendered":"<p>Contactez-nous N&rsquo;h\u00e9sitez pas \u00e0 nous contacter \u00e0 tout moment. Nous nous effor\u00e7ons de r\u00e9pondre \u00e0 toutes les demandes dans un d\u00e9lai de 24 heures les jours ouvrables. Nous serons ravis de r\u00e9pondre \u00e0 vos questions. Adresse: 237 les roses Bouznika Email: contact@bravinci.ma T\u00e9l\u00e9phone: +31 611-701-159 T\u00e9l\u00e9phone: +31 614-855-181 Horaire de travail : Lun &#8211; Ven [&hellip;]<\/p>","protected":false},"author":1,"featured_media":0,"parent":0,"menu_order":0,"comment_status":"closed","ping_status":"closed","template":"","meta":{"footnotes":""},"class_list":["post-1370","page","type-page","status-publish","hentry"],"_links":{"self":[{"href":"https:\/\/bravinci.ma\/ar\/wp-json\/wp\/v2\/pages\/1370","targetHints":{"allow":["GET"]}}],"collection":[{"href":"https:\/\/bravinci.ma\/ar\/wp-json\/wp\/v2\/pages"}],"about":[{"href":"https:\/\/bravinci.ma\/ar\/wp-json\/wp\/v2\/types\/page"}],"author":[{"embeddable":true,"href":"https:\/\/bravinci.ma\/ar\/wp-json\/wp\/v2\/users\/1"}],"replies":[{"embeddable":true,"href":"https:\/\/bravinci.ma\/ar\/wp-json\/wp\/v2\/comments?post=1370"}],"version-history":[{"count":71,"href":"https:\/\/bravinci.ma\/ar\/wp-json\/wp\/v2\/pages\/1370\/revisions"}],"predecessor-version":[{"id":5356,"href":"https:\/\/bravinci.ma\/ar\/wp-json\/wp\/v2\/pages\/1370\/revisions\/5356"}],"wp:attachment":[{"href":"https:\/\/bravinci.ma\/ar\/wp-json\/wp\/v2\/media?parent=1370"}],"curies":[{"name":"wp","href":"https:\/\/api.w.org\/{rel}","templated":true}]}}