{"id":5469,"date":"2025-03-19T21:03:54","date_gmt":"2025-03-19T21:03:54","guid":{"rendered":"https:\/\/bravinci.ma\/?page_id=5469"},"modified":"2025-03-19T22:55:18","modified_gmt":"2025-03-19T22:55:18","slug":"consulting-en-business-intelligence","status":"publish","type":"page","link":"https:\/\/bravinci.ma\/ar\/consulting-en-business-intelligence\/","title":{"rendered":"\u0627\u0644\u0627\u0633\u062a\u0634\u0627\u0631\u0627\u062a \u0641\u064a \u0630\u0643\u0627\u0621 \u0627\u0644\u0623\u0639\u0645\u0627\u0644"},"content":{"rendered":"<div data-elementor-type=\"wp-page\" data-elementor-id=\"5469\" class=\"elementor elementor-5469\">\n\t\t\t\t\t\t<section class=\"elementor-section elementor-top-section elementor-element elementor-element-07e5780 elementor-section-content-middle ot-traditional elementor-section-boxed elementor-section-height-default elementor-section-height-default\" data-id=\"07e5780\" data-element_type=\"section\" data-settings=\"{&quot;background_background&quot;:&quot;classic&quot;}\">\n\t\t\t\t\t\t\t<div class=\"elementor-background-overlay\"><\/div>\n\t\t\t\t\t\t\t<div class=\"elementor-container elementor-column-gap-extended\">\n\t\t\t\t\t<div class=\"elementor-column elementor-col-100 elementor-top-column elementor-element elementor-element-7a6f9c0 ot-flex-column-vertical\" data-id=\"7a6f9c0\" data-element_type=\"column\">\n\t\t\t<div class=\"elementor-widget-wrap elementor-element-populated\">\n\t\t\t\t\t\t<div class=\"elementor-element elementor-element-1d9472c elementor-widget elementor-widget-iheading\" data-id=\"1d9472c\" data-element_type=\"widget\" data-widget_type=\"iheading.default\">\n\t\t\t\t<div class=\"elementor-widget-container\">\n\t\t\t\t\t\t\t<div class=\"ot-heading\">\r\n\t        \t            <span>\u0627\u0644\u062e\u062f\u0645\u0627\u062a \/\/<\/span>\r\n\t        <h2 class=\"main-heading\">\u0627\u0644\u0627\u0633\u062a\u0634\u0627\u0631\u0627\u062a \u0641\u064a \u0630\u0643\u0627\u0621 \u0627\u0644\u0623\u0639\u0645\u0627\u0644<\/h2>\t    <\/div>\r\n\t    \t\t\t\t<\/div>\n\t\t\t\t<\/div>\n\t\t\t\t<div class=\"elementor-element elementor-element-5fb0827 elementor-widget elementor-widget-text-editor\" data-id=\"5fb0827\" data-element_type=\"widget\" data-widget_type=\"text-editor.default\">\n\t\t\t\t<div class=\"elementor-widget-container\">\n\t\t\t\t\t\t\t\t\t<p>\u064a\u0645\u062a\u0644\u0643 \u0645\u0633\u062a\u0634\u0627\u0631\u0648\u0646\u0627 \u0641\u064a \u0630\u0643\u0627\u0621 \u0627\u0644\u0623\u0639\u0645\u0627\u0644 \u062e\u0628\u0631\u0629 \u0643\u0628\u064a\u0631\u0629 \u0641\u064a \u0627\u0633\u062a\u062e\u062f\u0627\u0645 \u0623\u062f\u0648\u0627\u062a \u0645\u062b\u0644 <strong>Power BI \u0648 Azure Synapse \u0648 Snowflake<\/strong>\u0648\u0628\u0641\u0636\u0644 \u062e\u0628\u0631\u062a\u0647\u0645 \u0627\u0644\u0639\u0645\u064a\u0642\u0629\u060c \u064a\u0642\u062f\u0651\u0645 \u0641\u0631\u064a\u0642\u0646\u0627 \u0642\u064a\u0645\u0629 \u0645\u0636\u0627\u0641\u0629 \u0641\u0648\u0631\u064a\u0629. \u0646\u0642\u062f\u0645 \u062e\u062f\u0645\u0627\u062a \u0627\u0633\u062a\u0634\u0627\u0631\u064a\u0629 \u0648\u0646\u0642\u0648\u0645 \u0628\u062a\u0646\u0641\u064a\u0630 \u062d\u0644\u0648\u0644 \u0630\u0643\u0627\u0621 \u0627\u0644\u0623\u0639\u0645\u0627\u0644 \u0628\u0627\u0644\u0639\u0645\u0644 \u0643\u0645\u0633\u062a\u0634\u0627\u0631\u064a Power BI\u060c \u0623\u0648 \u0643\u0645\u0647\u0646\u062f\u0633\u064a \u0628\u064a\u0627\u0646\u0627\u062a\u060c \u0623\u0648 \u0643\u0645\u0633\u062a\u0634\u0627\u0631\u064a \u0630\u0643\u0627\u0621 \u0623\u0639\u0645\u0627\u0644 \u0645\u062a\u062e\u0635\u0635\u064a\u0646.<\/p>\t\t\t\t\t\t\t\t<\/div>\n\t\t\t\t<\/div>\n\t\t\t\t\t<\/div>\n\t\t<\/div>\n\t\t\t\t\t<\/div>\n\t\t<\/section>\n\t\t\t\t<section class=\"elementor-section elementor-top-section elementor-element elementor-element-3caf9cf elementor-section-boxed elementor-section-height-default elementor-section-height-default\" data-id=\"3caf9cf\" data-element_type=\"section\">\n\t\t\t\t\t\t<div class=\"elementor-container elementor-column-gap-default\">\n\t\t\t\t\t<div class=\"elementor-column elementor-col-100 elementor-top-column elementor-element elementor-element-e1aa0c9 ot-flex-column-vertical\" data-id=\"e1aa0c9\" data-element_type=\"column\">\n\t\t\t<div class=\"elementor-widget-wrap elementor-element-populated\">\n\t\t\t\t\t\t<section class=\"elementor-section elementor-inner-section elementor-element elementor-element-661b42d elementor-section-full_width ot-traditional elementor-section-height-default elementor-section-height-default\" data-id=\"661b42d\" data-element_type=\"section\">\n\t\t\t\t\t\t<div class=\"elementor-container elementor-column-gap-extended\">\n\t\t\t\t\t<div class=\"elementor-column elementor-col-33 elementor-inner-column elementor-element elementor-element-f0b1093 ot-flex-column-vertical\" data-id=\"f0b1093\" data-element_type=\"column\">\n\t\t\t<div class=\"elementor-widget-wrap elementor-element-populated\">\n\t\t\t\t\t\t<div class=\"elementor-element elementor-element-0fff3f3 elementor-widget elementor-widget-iiconbox1\" data-id=\"0fff3f3\" data-element_type=\"widget\" data-widget_type=\"iiconbox1.default\">\n\t\t\t\t<div class=\"elementor-widget-container\">\n\t\t\t\t\t\t\t<div class=\"icon-box-s1\">\r\n\t\t\t<div class=\"icon-main\">\r\n\t\t        \t\t\t    <img decoding=\"async\" src=\"https:\/\/bravinci.ma\/wp-content\/uploads\/2025\/03\/burundi.png\" alt=\"\u062e\u0628\u0631\u0629 \u0645\u062a\u0642\u062f\u0645\u0629 \u0641\u064a \u0623\u062f\u0648\u0627\u062a \u0630\u0643\u0627\u0621 \u0627\u0644\u0623\u0639\u0645\u0627\u0644\">\t\t        \t        <\/div>\r\n\t        <h5>\u062e\u0628\u0631\u0629 \u0645\u062a\u0642\u062f\u0645\u0629 \u0641\u064a \u0623\u062f\u0648\u0627\u062a \u0630\u0643\u0627\u0621 \u0627\u0644\u0623\u0639\u0645\u0627\u0644<\/h5>\r\n\t        <div class=\"line-box\"><\/div>\r\n\t        <p><\/p>\r\n\t    <\/div>\r\n\t    \t\t\t\t<\/div>\n\t\t\t\t<\/div>\n\t\t\t\t<div class=\"elementor-element elementor-element-e81613d elementor-align-left elementor-icon-list--layout-traditional elementor-list-item-link-full_width elementor-widget elementor-widget-icon-list\" data-id=\"e81613d\" data-element_type=\"widget\" data-widget_type=\"icon-list.default\">\n\t\t\t\t<div class=\"elementor-widget-container\">\n\t\t\t\t\t\t\t<ul class=\"elementor-icon-list-items\">\n\t\t\t\t\t\t\t<li class=\"elementor-icon-list-item\">\n\t\t\t\t\t\t\t\t\t\t\t<span class=\"elementor-icon-list-icon\">\n\t\t\t\t\t\t\t<svg aria-hidden=\"true\" class=\"e-font-icon-svg e-fas-check\" viewbox=\"0 0 512 512\" xmlns=\"http:\/\/www.w3.org\/2000\/svg\"><path d=\"M173.898 439.404l-166.4-166.4c-9.997-9.997-9.997-26.206 0-36.204l36.203-36.204c9.997-9.998 26.207-9.998 36.204 0L192 312.69 432.095 72.596c9.997-9.997 26.207-9.997 36.204 0l36.203 36.204c9.997 9.997 9.997 26.206 0 36.204l-294.4 294.401c-9.998 9.997-26.207 9.997-36.204-.001z\"><\/path><\/svg>\t\t\t\t\t\t<\/span>\n\t\t\t\t\t\t\t\t\t\t<span class=\"elementor-icon-list-text\">\u062a\u0635\u0645\u064a\u0645 \u062a\u0642\u0627\u0631\u064a\u0631 \u062a\u0641\u0627\u0639\u0644\u064a\u0629 \u0648\u0644\u0648\u062d\u0627\u062a \u0642\u064a\u0627\u062f\u0629 \u062f\u064a\u0646\u0627\u0645\u064a\u0643\u064a\u0629 \u062a\u0639\u0632\u0632 \u0627\u062a\u062e\u0627\u0630 \u0627\u0644\u0642\u0631\u0627\u0631.<\/span>\n\t\t\t\t\t\t\t\t\t<\/li>\n\t\t\t\t\t\t\t\t<li class=\"elementor-icon-list-item\">\n\t\t\t\t\t\t\t\t\t\t\t<span class=\"elementor-icon-list-icon\">\n\t\t\t\t\t\t\t<svg aria-hidden=\"true\" class=\"e-font-icon-svg e-fas-check\" viewbox=\"0 0 512 512\" xmlns=\"http:\/\/www.w3.org\/2000\/svg\"><path d=\"M173.898 439.404l-166.4-166.4c-9.997-9.997-9.997-26.206 0-36.204l36.203-36.204c9.997-9.998 26.207-9.998 36.204 0L192 312.69 432.095 72.596c9.997-9.997 26.207-9.997 36.204 0l36.203 36.204c9.997 9.997 9.997 26.206 0 36.204l-294.4 294.401c-9.998 9.997-26.207 9.997-36.204-.001z\"><\/path><\/svg>\t\t\t\t\t\t<\/span>\n\t\t\t\t\t\t\t\t\t\t<span class=\"elementor-icon-list-text\">\u062a\u062d\u0644\u064a\u0644 \u0627\u0644\u0628\u064a\u0627\u0646\u0627\u062a \u0627\u0644\u0636\u062e\u0645\u0629 \u0639\u0628\u0631 \u0645\u0633\u062a\u0648\u062f\u0639\u0627\u062a \u0633\u062d\u0627\u0628\u064a\u0629 \u0645\u0631\u0646\u0629 \u0648\u0642\u0627\u0628\u0644\u0629 \u0644\u0644\u062a\u0637\u0648\u064a\u0631 \u0644\u0636\u0645\u0627\u0646 \u0627\u0644\u0623\u062f\u0627\u0621 \u0648\u0627\u0644\u0627\u0633\u062a\u062f\u0627\u0645\u0629.<\/span>\n\t\t\t\t\t\t\t\t\t<\/li>\n\t\t\t\t\t\t\t\t<li class=\"elementor-icon-list-item\">\n\t\t\t\t\t\t\t\t\t\t\t<span class=\"elementor-icon-list-icon\">\n\t\t\t\t\t\t\t<svg aria-hidden=\"true\" class=\"e-font-icon-svg e-fas-check\" viewbox=\"0 0 512 512\" xmlns=\"http:\/\/www.w3.org\/2000\/svg\"><path d=\"M173.898 439.404l-166.4-166.4c-9.997-9.997-9.997-26.206 0-36.204l36.203-36.204c9.997-9.998 26.207-9.998 36.204 0L192 312.69 432.095 72.596c9.997-9.997 26.207-9.997 36.204 0l36.203 36.204c9.997 9.997 9.997 26.206 0 36.204l-294.4 294.401c-9.998 9.997-26.207 9.997-36.204-.001z\"><\/path><\/svg>\t\t\t\t\t\t<\/span>\n\t\t\t\t\t\t\t\t\t\t<span class=\"elementor-icon-list-text\">\u062d\u0644\u0648\u0644 \u062a\u062e\u0632\u064a\u0646 \u0648\u062a\u062d\u0644\u064a\u0644 \u0627\u0644\u0628\u064a\u0627\u0646\u0627\u062a \u0645\u062a\u0639\u062f\u062f\u0629 \u0627\u0644\u0633\u062d\u0627\u0628\u0629 \u062a\u0636\u0645\u0646 \u0645\u0631\u0648\u0646\u0629 \u0623\u0643\u0628\u0631 \u0648\u0625\u062f\u0627\u0631\u0629 \u0645\u062b\u0644\u0649 \u0644\u0644\u0645\u0648\u0627\u0631\u062f.<\/span>\n\t\t\t\t\t\t\t\t\t<\/li>\n\t\t\t\t\t\t<\/ul>\n\t\t\t\t\t\t<\/div>\n\t\t\t\t<\/div>\n\t\t\t\t\t<\/div>\n\t\t<\/div>\n\t\t\t\t<div class=\"elementor-column elementor-col-33 elementor-inner-column elementor-element elementor-element-8e0914e ot-flex-column-vertical\" data-id=\"8e0914e\" data-element_type=\"column\">\n\t\t\t<div class=\"elementor-widget-wrap elementor-element-populated\">\n\t\t\t\t\t\t<div class=\"elementor-element elementor-element-fa5d75e elementor-widget elementor-widget-iiconbox1\" data-id=\"fa5d75e\" data-element_type=\"widget\" data-widget_type=\"iiconbox1.default\">\n\t\t\t\t<div class=\"elementor-widget-container\">\n\t\t\t\t\t\t\t<div class=\"icon-box-s1\">\r\n\t\t\t<div class=\"icon-main\">\r\n\t\t        \t\t\t    <img decoding=\"async\" src=\"https:\/\/bravinci.ma\/wp-content\/uploads\/2025\/03\/strategie.png\" alt=\"\u0645\u0642\u0627\u0631\u0628\u0629 \u0648\u0645\u0646\u0647\u062c\u064a\u0629 \u0627\u0644\u0639\u0645\u0644\">\t\t        \t        <\/div>\r\n\t        <h5>\u0645\u0642\u0627\u0631\u0628\u0629 \u0648\u0645\u0646\u0647\u062c\u064a\u0629 \u0627\u0644\u0639\u0645\u0644<\/h5>\r\n\t        <div class=\"line-box\"><\/div>\r\n\t        <p><\/p>\r\n\t    <\/div>\r\n\t    \t\t\t\t<\/div>\n\t\t\t\t<\/div>\n\t\t\t\t<div class=\"elementor-element elementor-element-a17ecda elementor-align-left elementor-icon-list--layout-traditional elementor-list-item-link-full_width elementor-widget elementor-widget-icon-list\" data-id=\"a17ecda\" data-element_type=\"widget\" data-widget_type=\"icon-list.default\">\n\t\t\t\t<div class=\"elementor-widget-container\">\n\t\t\t\t\t\t\t<ul class=\"elementor-icon-list-items\">\n\t\t\t\t\t\t\t<li class=\"elementor-icon-list-item\">\n\t\t\t\t\t\t\t\t\t\t\t<span class=\"elementor-icon-list-icon\">\n\t\t\t\t\t\t\t<svg aria-hidden=\"true\" class=\"e-font-icon-svg e-fas-check\" viewbox=\"0 0 512 512\" xmlns=\"http:\/\/www.w3.org\/2000\/svg\"><path d=\"M173.898 439.404l-166.4-166.4c-9.997-9.997-9.997-26.206 0-36.204l36.203-36.204c9.997-9.998 26.207-9.998 36.204 0L192 312.69 432.095 72.596c9.997-9.997 26.207-9.997 36.204 0l36.203 36.204c9.997 9.997 9.997 26.206 0 36.204l-294.4 294.401c-9.998 9.997-26.207 9.997-36.204-.001z\"><\/path><\/svg>\t\t\t\t\t\t<\/span>\n\t\t\t\t\t\t\t\t\t\t<span class=\"elementor-icon-list-text\">\u062a\u0642\u064a\u064a\u0645 \u0627\u0644\u0627\u062d\u062a\u064a\u0627\u062c\u0627\u062a \u0648\u0627\u0644\u0623\u0648\u0644\u0648\u064a\u0627\u062a \u0627\u0644\u0645\u0631\u062a\u0628\u0637\u0629 \u0628\u0627\u0644\u0623\u0639\u0645\u0627\u0644<\/span>\n\t\t\t\t\t\t\t\t\t<\/li>\n\t\t\t\t\t\t\t\t<li class=\"elementor-icon-list-item\">\n\t\t\t\t\t\t\t\t\t\t\t<span class=\"elementor-icon-list-icon\">\n\t\t\t\t\t\t\t<svg aria-hidden=\"true\" class=\"e-font-icon-svg e-fas-check\" viewbox=\"0 0 512 512\" xmlns=\"http:\/\/www.w3.org\/2000\/svg\"><path d=\"M173.898 439.404l-166.4-166.4c-9.997-9.997-9.997-26.206 0-36.204l36.203-36.204c9.997-9.998 26.207-9.998 36.204 0L192 312.69 432.095 72.596c9.997-9.997 26.207-9.997 36.204 0l36.203 36.204c9.997 9.997 9.997 26.206 0 36.204l-294.4 294.401c-9.998 9.997-26.207 9.997-36.204-.001z\"><\/path><\/svg>\t\t\t\t\t\t<\/span>\n\t\t\t\t\t\t\t\t\t\t<span class=\"elementor-icon-list-text\">\u0627\u0628\u062a\u0643\u0627\u0631 \u0648\u062a\u0646\u0641\u064a\u0630 \u062d\u0644\u0648\u0644 \u0630\u0643\u0627\u0621 \u0627\u0644\u0623\u0639\u0645\u0627\u0644 \u0627\u0644\u0645\u0635\u0645\u0645\u0629 \u062e\u0635\u064a\u0635\u064b\u0627 \u0644\u062a\u0644\u0628\u064a\u0629 \u0627\u062d\u062a\u064a\u0627\u062c\u0627\u062a\u0643\u0645<\/span>\n\t\t\t\t\t\t\t\t\t<\/li>\n\t\t\t\t\t\t\t\t<li class=\"elementor-icon-list-item\">\n\t\t\t\t\t\t\t\t\t\t\t<span class=\"elementor-icon-list-icon\">\n\t\t\t\t\t\t\t<svg aria-hidden=\"true\" class=\"e-font-icon-svg e-fas-check\" viewbox=\"0 0 512 512\" xmlns=\"http:\/\/www.w3.org\/2000\/svg\"><path d=\"M173.898 439.404l-166.4-166.4c-9.997-9.997-9.997-26.206 0-36.204l36.203-36.204c9.997-9.998 26.207-9.998 36.204 0L192 312.69 432.095 72.596c9.997-9.997 26.207-9.997 36.204 0l36.203 36.204c9.997 9.997 9.997 26.206 0 36.204l-294.4 294.401c-9.998 9.997-26.207 9.997-36.204-.001z\"><\/path><\/svg>\t\t\t\t\t\t<\/span>\n\t\t\t\t\t\t\t\t\t\t<span class=\"elementor-icon-list-text\">\u062a\u0639\u0632\u064a\u0632 \u0643\u0641\u0627\u0621\u0629 \u062a\u062f\u0641\u0642 \u0627\u0644\u0628\u064a\u0627\u0646\u0627\u062a \u0648\u0623\u062a\u0645\u062a\u0629 \u0627\u0644\u0639\u0645\u0644\u064a\u0627\u062a \u0627\u0644\u062a\u062d\u0644\u064a\u0644\u064a\u0629 \u0644\u062a\u062d\u0642\u064a\u0642 \u0623\u062f\u0627\u0621 \u0623\u0639\u0644\u0649 \u0648\u062f\u0642\u0629 \u0623\u0641\u0636\u0644.<\/span>\n\t\t\t\t\t\t\t\t\t<\/li>\n\t\t\t\t\t\t<\/ul>\n\t\t\t\t\t\t<\/div>\n\t\t\t\t<\/div>\n\t\t\t\t\t<\/div>\n\t\t<\/div>\n\t\t\t\t<div class=\"elementor-column elementor-col-33 elementor-inner-column elementor-element elementor-element-0fe276f ot-flex-column-vertical\" data-id=\"0fe276f\" data-element_type=\"column\">\n\t\t\t<div class=\"elementor-widget-wrap elementor-element-populated\">\n\t\t\t\t\t\t<div class=\"elementor-element elementor-element-6c5ff87 elementor-widget elementor-widget-iiconbox1\" data-id=\"6c5ff87\" data-element_type=\"widget\" data-widget_type=\"iiconbox1.default\">\n\t\t\t\t<div class=\"elementor-widget-container\">\n\t\t\t\t\t\t\t<div class=\"icon-box-s1\">\r\n\t\t\t<div class=\"icon-main\">\r\n\t\t        \t\t\t    <img decoding=\"async\" src=\"https:\/\/bravinci.ma\/wp-content\/uploads\/2025\/03\/intervention.png\" alt=\"\u0627\u0644\u062e\u062f\u0645\u0627\u062a \u0627\u0644\u0645\u0645\u0643\u0646 \u062a\u0642\u062f\u064a\u0645\u0647\u0627\">\t\t        \t        <\/div>\r\n\t        <h5>\u0627\u0644\u062e\u062f\u0645\u0627\u062a \u0627\u0644\u0645\u0645\u0643\u0646 \u062a\u0642\u062f\u064a\u0645\u0647\u0627<\/h5>\r\n\t        <div class=\"line-box\"><\/div>\r\n\t        <p><\/p>\r\n\t    <\/div>\r\n\t    \t\t\t\t<\/div>\n\t\t\t\t<\/div>\n\t\t\t\t<div class=\"elementor-element elementor-element-76379a2 elementor-align-left elementor-icon-list--layout-traditional elementor-list-item-link-full_width elementor-widget elementor-widget-icon-list\" data-id=\"76379a2\" data-element_type=\"widget\" data-widget_type=\"icon-list.default\">\n\t\t\t\t<div class=\"elementor-widget-container\">\n\t\t\t\t\t\t\t<ul class=\"elementor-icon-list-items\">\n\t\t\t\t\t\t\t<li class=\"elementor-icon-list-item\">\n\t\t\t\t\t\t\t\t\t\t\t<span class=\"elementor-icon-list-icon\">\n\t\t\t\t\t\t\t<svg aria-hidden=\"true\" class=\"e-font-icon-svg e-fas-check\" viewbox=\"0 0 512 512\" xmlns=\"http:\/\/www.w3.org\/2000\/svg\"><path d=\"M173.898 439.404l-166.4-166.4c-9.997-9.997-9.997-26.206 0-36.204l36.203-36.204c9.997-9.998 26.207-9.998 36.204 0L192 312.69 432.095 72.596c9.997-9.997 26.207-9.997 36.204 0l36.203 36.204c9.997 9.997 9.997 26.206 0 36.204l-294.4 294.401c-9.998 9.997-26.207 9.997-36.204-.001z\"><\/path><\/svg>\t\t\t\t\t\t<\/span>\n\t\t\t\t\t\t\t\t\t\t<span class=\"elementor-icon-list-text\">\u062f\u0639\u0645 \u0641\u064a \u062a\u0635\u0648\u0631 \u0627\u0644\u0628\u064a\u0627\u0646\u0627\u062a \u0648\u062a\u0635\u0645\u064a\u0645 \u0644\u0648\u062d\u0627\u062a \u0642\u064a\u0627\u062f\u0629 \u0641\u0639\u0651\u0627\u0644\u0629 \u0644\u062a\u0639\u0632\u064a\u0632 \u0627\u062a\u062e\u0627\u0630 \u0627\u0644\u0642\u0631\u0627\u0631.<\/span>\n\t\t\t\t\t\t\t\t\t<\/li>\n\t\t\t\t\t\t\t\t<li class=\"elementor-icon-list-item\">\n\t\t\t\t\t\t\t\t\t\t\t<span class=\"elementor-icon-list-icon\">\n\t\t\t\t\t\t\t<svg aria-hidden=\"true\" class=\"e-font-icon-svg e-fas-check\" viewbox=\"0 0 512 512\" xmlns=\"http:\/\/www.w3.org\/2000\/svg\"><path d=\"M173.898 439.404l-166.4-166.4c-9.997-9.997-9.997-26.206 0-36.204l36.203-36.204c9.997-9.998 26.207-9.998 36.204 0L192 312.69 432.095 72.596c9.997-9.997 26.207-9.997 36.204 0l36.203 36.204c9.997 9.997 9.997 26.206 0 36.204l-294.4 294.401c-9.998 9.997-26.207 9.997-36.204-.001z\"><\/path><\/svg>\t\t\t\t\t\t<\/span>\n\t\t\t\t\t\t\t\t\t\t<span class=\"elementor-icon-list-text\">\u0625\u062f\u0627\u0631\u0629 \u062a\u062f\u0641\u0642\u0627\u062a \u0627\u0644\u0628\u064a\u0627\u0646\u0627\u062a \u0648\u062a\u062d\u0633\u064a\u0646 \u062a\u062e\u0632\u064a\u0646\u0647\u0627 \u0644\u0636\u0645\u0627\u0646 \u0627\u0644\u0623\u062f\u0627\u0621 \u0648\u0627\u0644\u0643\u0641\u0627\u0621\u0629 \u0627\u0644\u0639\u0627\u0644\u064a\u0629.<\/span>\n\t\t\t\t\t\t\t\t\t<\/li>\n\t\t\t\t\t\t\t\t<li class=\"elementor-icon-list-item\">\n\t\t\t\t\t\t\t\t\t\t\t<span class=\"elementor-icon-list-icon\">\n\t\t\t\t\t\t\t<svg aria-hidden=\"true\" class=\"e-font-icon-svg e-fas-check\" viewbox=\"0 0 512 512\" xmlns=\"http:\/\/www.w3.org\/2000\/svg\"><path d=\"M173.898 439.404l-166.4-166.4c-9.997-9.997-9.997-26.206 0-36.204l36.203-36.204c9.997-9.998 26.207-9.998 36.204 0L192 312.69 432.095 72.596c9.997-9.997 26.207-9.997 36.204 0l36.203 36.204c9.997 9.997 9.997 26.206 0 36.204l-294.4 294.401c-9.998 9.997-26.207 9.997-36.204-.001z\"><\/path><\/svg>\t\t\t\t\t\t<\/span>\n\t\t\t\t\t\t\t\t\t\t<span class=\"elementor-icon-list-text\">\u062a\u0642\u062f\u064a\u0645 \u0627\u0644\u062f\u0639\u0645 \u0627\u0644\u0627\u0633\u062a\u0631\u0627\u062a\u064a\u062c\u064a \u0644\u062a\u0637\u0628\u064a\u0642 \u0623\u0641\u0636\u0644 \u0645\u0645\u0627\u0631\u0633\u0627\u062a \u062d\u0648\u0643\u0645\u0629 \u0627\u0644\u0628\u064a\u0627\u0646\u0627\u062a \u0648\u0636\u0645\u0627\u0646 \u062c\u0648\u062f\u062a\u0647\u0627.<\/span>\n\t\t\t\t\t\t\t\t\t<\/li>\n\t\t\t\t\t\t<\/ul>\n\t\t\t\t\t\t<\/div>\n\t\t\t\t<\/div>\n\t\t\t\t\t<\/div>\n\t\t<\/div>\n\t\t\t\t\t<\/div>\n\t\t<\/section>\n\t\t\t\t\t<\/div>\n\t\t<\/div>\n\t\t\t\t\t<\/div>\n\t\t<\/section>\n\t\t\t\t<\/div>","protected":false},"excerpt":{"rendered":"<p>\/\/ Service Consulting en Business Intelligence Nos consultants BI poss\u00e8dent une vaste exp\u00e9rience avec des outils tels que Power BI, Azure Synapse et Snowflake. Gr\u00e2ce \u00e0 leur expertise, ils apportent une valeur ajout\u00e9e imm\u00e9diate. Nous conseillons et mettons en \u0153uvre des solutions BI en travaillant en tant que consultants Power BI, Data Engineers ou consultants [&hellip;]<\/p>","protected":false},"author":1,"featured_media":0,"parent":0,"menu_order":0,"comment_status":"closed","ping_status":"closed","template":"","meta":{"footnotes":""},"class_list":["post-5469","page","type-page","status-publish","hentry"],"_links":{"self":[{"href":"https:\/\/bravinci.ma\/ar\/wp-json\/wp\/v2\/pages\/5469","targetHints":{"allow":["GET"]}}],"collection":[{"href":"https:\/\/bravinci.ma\/ar\/wp-json\/wp\/v2\/pages"}],"about":[{"href":"https:\/\/bravinci.ma\/ar\/wp-json\/wp\/v2\/types\/page"}],"author":[{"embeddable":true,"href":"https:\/\/bravinci.ma\/ar\/wp-json\/wp\/v2\/users\/1"}],"replies":[{"embeddable":true,"href":"https:\/\/bravinci.ma\/ar\/wp-json\/wp\/v2\/comments?post=5469"}],"version-history":[{"count":56,"href":"https:\/\/bravinci.ma\/ar\/wp-json\/wp\/v2\/pages\/5469\/revisions"}],"predecessor-version":[{"id":5559,"href":"https:\/\/bravinci.ma\/ar\/wp-json\/wp\/v2\/pages\/5469\/revisions\/5559"}],"wp:attachment":[{"href":"https:\/\/bravinci.ma\/ar\/wp-json\/wp\/v2\/media?parent=5469"}],"curies":[{"name":"wp","href":"https:\/\/api.w.org\/{rel}","templated":true}]}}