{"id":5529,"date":"2025-03-19T22:19:41","date_gmt":"2025-03-19T22:19:41","guid":{"rendered":"https:\/\/bravinci.ma\/?page_id=5529"},"modified":"2025-03-19T23:11:20","modified_gmt":"2025-03-19T23:11:20","slug":"tableaux-de-bord-et-visualisation-de-donnees","status":"publish","type":"page","link":"https:\/\/bravinci.ma\/ar\/tableaux-de-bord-et-visualisation-de-donnees\/","title":{"rendered":"\u0644\u0648\u062d\u0627\u062a \u0627\u0644\u062a\u062d\u0643\u0645 \u0648\u062a\u062d\u0644\u064a\u0644 \u0627\u0644\u0628\u064a\u0627\u0646\u0627\u062a \u0627\u0644\u0645\u0631\u0626\u064a\u0629"},"content":{"rendered":"<div data-elementor-type=\"wp-page\" data-elementor-id=\"5529\" class=\"elementor elementor-5529\">\n\t\t\t\t\t\t<section class=\"elementor-section elementor-top-section elementor-element elementor-element-07e5780 elementor-section-content-middle ot-traditional elementor-section-boxed elementor-section-height-default elementor-section-height-default\" data-id=\"07e5780\" data-element_type=\"section\" data-settings=\"{&quot;background_background&quot;:&quot;classic&quot;}\">\n\t\t\t\t\t\t\t<div class=\"elementor-background-overlay\"><\/div>\n\t\t\t\t\t\t\t<div class=\"elementor-container elementor-column-gap-extended\">\n\t\t\t\t\t<div class=\"elementor-column elementor-col-50 elementor-top-column elementor-element elementor-element-7a6f9c0 ot-column-items-top ot-flex-column-vertical\" data-id=\"7a6f9c0\" data-element_type=\"column\">\n\t\t\t<div class=\"elementor-widget-wrap elementor-element-populated\">\n\t\t\t\t\t\t<div class=\"elementor-element elementor-element-1d9472c elementor-widget elementor-widget-iheading\" data-id=\"1d9472c\" data-element_type=\"widget\" data-widget_type=\"iheading.default\">\n\t\t\t\t<div class=\"elementor-widget-container\">\n\t\t\t\t\t\t\t<div class=\"ot-heading\">\r\n\t        \t            <span>\u0627\u0644\u062e\u062f\u0645\u0627\u062a \/\/<\/span>\r\n\t        <h2 class=\"main-heading\">\u0644\u0648\u062d\u0627\u062a \u0627\u0644\u062a\u062d\u0643\u0645 \u0648\u062a\u062d\u0644\u064a\u0644 \u0627\u0644\u0628\u064a\u0627\u0646\u0627\u062a \u0627\u0644\u0645\u0631\u0626\u064a\u0629<\/h2>\t    <\/div>\r\n\t    \t\t\t\t<\/div>\n\t\t\t\t<\/div>\n\t\t\t\t\t<\/div>\n\t\t<\/div>\n\t\t\t\t<div class=\"elementor-column elementor-col-50 elementor-top-column elementor-element elementor-element-29e81f9 ot-column-items-center ot-flex-column-vertical\" data-id=\"29e81f9\" data-element_type=\"column\">\n\t\t\t<div class=\"elementor-widget-wrap elementor-element-populated\">\n\t\t\t\t\t\t<div class=\"elementor-element elementor-element-5fb0827 elementor-widget elementor-widget-text-editor\" data-id=\"5fb0827\" data-element_type=\"widget\" data-widget_type=\"text-editor.default\">\n\t\t\t\t<div class=\"elementor-widget-container\">\n\t\t\t\t\t\t\t\t\t<p>\u0646\u0635\u0645\u0645 \u0644\u0648\u062d\u0627\u062a \u0642\u064a\u0627\u062f\u0629 \u0648\u062a\u0642\u0627\u0631\u064a\u0631 \u0645\u062e\u0635\u0635\u0629 \u062a\u0645\u0643\u0651\u0646 \u0627\u0644\u0634\u0631\u0643\u0627\u062a \u0645\u0646 \u0641\u0647\u0645 \u0623\u062f\u0627\u0626\u0647\u0627 \u0628\u062f\u0642\u0629\u060c \u0648\u062a\u0633\u0647\u0644 \u062a\u0628\u0646\u064a \u0646\u0647\u062c \u0642\u0627\u0626\u0645 \u0639\u0644\u0649 \u0627\u0644\u0628\u064a\u0627\u0646\u0627\u062a \u0628\u0637\u0631\u064a\u0642\u0629 \u0645\u0628\u0633\u0637\u0629 \u0648\u0641\u0639\u0651\u0627\u0644\u0629.<\/p>\t\t\t\t\t\t\t\t<\/div>\n\t\t\t\t<\/div>\n\t\t\t\t\t<\/div>\n\t\t<\/div>\n\t\t\t\t\t<\/div>\n\t\t<\/section>\n\t\t\t\t<section class=\"elementor-section elementor-top-section elementor-element elementor-element-8368b94 elementor-section-content-middle ot-traditional elementor-section-boxed elementor-section-height-default elementor-section-height-default\" data-id=\"8368b94\" data-element_type=\"section\" data-settings=\"{&quot;background_background&quot;:&quot;classic&quot;}\">\n\t\t\t\t\t\t\t<div class=\"elementor-background-overlay\"><\/div>\n\t\t\t\t\t\t\t<div class=\"elementor-container elementor-column-gap-extended\">\n\t\t\t\t\t<div class=\"elementor-column elementor-col-50 elementor-top-column elementor-element elementor-element-a004e0c ot-column-items-center ot-flex-column-vertical\" data-id=\"a004e0c\" data-element_type=\"column\">\n\t\t\t<div class=\"elementor-widget-wrap elementor-element-populated\">\n\t\t\t\t\t\t<div class=\"elementor-element elementor-element-c36e563 elementor-widget__width-initial elementor-widget elementor-widget-image\" data-id=\"c36e563\" data-element_type=\"widget\" data-widget_type=\"image.default\">\n\t\t\t\t<div class=\"elementor-widget-container\">\n\t\t\t\t\t\t\t\t\t\t\t\t\t\t\t<img fetchpriority=\"high\" decoding=\"async\" width=\"858\" height=\"709\" src=\"https:\/\/bravinci.ma\/wp-content\/uploads\/2025\/03\/image-banner-bravinci.png\" class=\"attachment-full size-full wp-image-5547\" alt=\"\" srcset=\"https:\/\/bravinci.ma\/wp-content\/uploads\/2025\/03\/image-banner-bravinci.png 858w, https:\/\/bravinci.ma\/wp-content\/uploads\/2025\/03\/image-banner-bravinci-300x248.png 300w, https:\/\/bravinci.ma\/wp-content\/uploads\/2025\/03\/image-banner-bravinci-768x635.png 768w, https:\/\/bravinci.ma\/wp-content\/uploads\/2025\/03\/image-banner-bravinci-720x595.png 720w\" sizes=\"(max-width: 858px) 100vw, 858px\" \/>\t\t\t\t\t\t\t\t\t\t\t\t\t\t\t<\/div>\n\t\t\t\t<\/div>\n\t\t\t\t\t<\/div>\n\t\t<\/div>\n\t\t\t\t<div class=\"elementor-column elementor-col-50 elementor-top-column elementor-element elementor-element-9d9eaa2 ot-column-items-top ot-flex-column-vertical\" data-id=\"9d9eaa2\" data-element_type=\"column\">\n\t\t\t<div class=\"elementor-widget-wrap elementor-element-populated\">\n\t\t\t\t\t\t<div class=\"elementor-element elementor-element-81c0cfd elementor-align-left elementor-icon-list--layout-traditional elementor-list-item-link-full_width elementor-widget elementor-widget-icon-list\" data-id=\"81c0cfd\" data-element_type=\"widget\" data-widget_type=\"icon-list.default\">\n\t\t\t\t<div class=\"elementor-widget-container\">\n\t\t\t\t\t\t\t<ul class=\"elementor-icon-list-items\">\n\t\t\t\t\t\t\t<li class=\"elementor-icon-list-item\">\n\t\t\t\t\t\t\t\t\t\t\t<span class=\"elementor-icon-list-icon\">\n\t\t\t\t\t\t\t<svg aria-hidden=\"true\" class=\"e-font-icon-svg e-fas-check\" viewbox=\"0 0 512 512\" xmlns=\"http:\/\/www.w3.org\/2000\/svg\"><path d=\"M173.898 439.404l-166.4-166.4c-9.997-9.997-9.997-26.206 0-36.204l36.203-36.204c9.997-9.998 26.207-9.998 36.204 0L192 312.69 432.095 72.596c9.997-9.997 26.207-9.997 36.204 0l36.203 36.204c9.997 9.997 9.997 26.206 0 36.204l-294.4 294.401c-9.998 9.997-26.207 9.997-36.204-.001z\"><\/path><\/svg>\t\t\t\t\t\t<\/span>\n\t\t\t\t\t\t\t\t\t\t<span class=\"elementor-icon-list-text\">\u0627\u0628\u062a\u0643\u0627\u0631 \u0644\u0648\u062d\u0627\u062a \u0642\u064a\u0627\u062f\u0629 \u062f\u064a\u0646\u0627\u0645\u064a\u0643\u064a\u0629 \u062a\u0645\u0643\u0646 \u0645\u0646 \u062a\u062a\u0628\u0639 \u0645\u0624\u0634\u0631\u0627\u062a \u0627\u0644\u0623\u062f\u0627\u0621 \u0627\u0644\u0631\u0626\u064a\u0633\u064a\u0629 \u0628\u0633\u0647\u0648\u0644\u0629 \u0648\u062f\u0642\u0629.<\/span>\n\t\t\t\t\t\t\t\t\t<\/li>\n\t\t\t\t\t\t\t\t<li class=\"elementor-icon-list-item\">\n\t\t\t\t\t\t\t\t\t\t\t<span class=\"elementor-icon-list-icon\">\n\t\t\t\t\t\t\t<svg aria-hidden=\"true\" class=\"e-font-icon-svg e-fas-check\" viewbox=\"0 0 512 512\" xmlns=\"http:\/\/www.w3.org\/2000\/svg\"><path d=\"M173.898 439.404l-166.4-166.4c-9.997-9.997-9.997-26.206 0-36.204l36.203-36.204c9.997-9.998 26.207-9.998 36.204 0L192 312.69 432.095 72.596c9.997-9.997 26.207-9.997 36.204 0l36.203 36.204c9.997 9.997 9.997 26.206 0 36.204l-294.4 294.401c-9.998 9.997-26.207 9.997-36.204-.001z\"><\/path><\/svg>\t\t\t\t\t\t<\/span>\n\t\t\t\t\t\t\t\t\t\t<span class=\"elementor-icon-list-text\">\u062a\u0635\u0645\u064a\u0645 \u062a\u0642\u0627\u0631\u064a\u0631 \u0645\u062e\u0635\u0635\u0629 \u062a\u0644\u0628\u064a \u0627\u062d\u062a\u064a\u0627\u062c\u0627\u062a \u0627\u0644\u0634\u0631\u0643\u0627\u062a \u0648\u062a\u0639\u0632\u0632 \u0627\u062a\u062e\u0627\u0630 \u0627\u0644\u0642\u0631\u0627\u0631 \u0627\u0644\u0641\u0639\u0651\u0627\u0644.<\/span>\n\t\t\t\t\t\t\t\t\t<\/li>\n\t\t\t\t\t\t\t\t<li class=\"elementor-icon-list-item\">\n\t\t\t\t\t\t\t\t\t\t\t<span class=\"elementor-icon-list-icon\">\n\t\t\t\t\t\t\t<svg aria-hidden=\"true\" class=\"e-font-icon-svg e-fas-check\" viewbox=\"0 0 512 512\" xmlns=\"http:\/\/www.w3.org\/2000\/svg\"><path d=\"M173.898 439.404l-166.4-166.4c-9.997-9.997-9.997-26.206 0-36.204l36.203-36.204c9.997-9.998 26.207-9.998 36.204 0L192 312.69 432.095 72.596c9.997-9.997 26.207-9.997 36.204 0l36.203 36.204c9.997 9.997 9.997 26.206 0 36.204l-294.4 294.401c-9.998 9.997-26.207 9.997-36.204-.001z\"><\/path><\/svg>\t\t\t\t\t\t<\/span>\n\t\t\t\t\t\t\t\t\t\t<span class=\"elementor-icon-list-text\">\u062a\u0635\u0645\u064a\u0645 \u062a\u0635\u0648\u0631\u0627\u062a \u062a\u0641\u0627\u0639\u0644\u064a\u0629 \u062a\u0645\u0643\u0651\u0646 \u0645\u0646 \u0627\u0633\u062a\u0643\u0634\u0627\u0641 \u0627\u0644\u0628\u064a\u0627\u0646\u0627\u062a \u0628\u0637\u0631\u064a\u0642\u0629 \u0633\u0644\u0633\u0629 \u0648\u0641\u0639\u0651\u0627\u0644\u0629.<\/span>\n\t\t\t\t\t\t\t\t\t<\/li>\n\t\t\t\t\t\t\t\t<li class=\"elementor-icon-list-item\">\n\t\t\t\t\t\t\t\t\t\t\t<span class=\"elementor-icon-list-icon\">\n\t\t\t\t\t\t\t<svg aria-hidden=\"true\" class=\"e-font-icon-svg e-fas-check\" viewbox=\"0 0 512 512\" xmlns=\"http:\/\/www.w3.org\/2000\/svg\"><path d=\"M173.898 439.404l-166.4-166.4c-9.997-9.997-9.997-26.206 0-36.204l36.203-36.204c9.997-9.998 26.207-9.998 36.204 0L192 312.69 432.095 72.596c9.997-9.997 26.207-9.997 36.204 0l36.203 36.204c9.997 9.997 9.997 26.206 0 36.204l-294.4 294.401c-9.998 9.997-26.207 9.997-36.204-.001z\"><\/path><\/svg>\t\t\t\t\t\t<\/span>\n\t\t\t\t\t\t\t\t\t\t<span class=\"elementor-icon-list-text\">\u0644\u0648\u062d\u0627\u062a \u0642\u064a\u0627\u062f\u0629 \u0644\u062d\u0638\u064a\u0629 \u0645\u0631\u062a\u0628\u0637\u0629 \u0628\u0645\u0635\u0627\u062f\u0631 \u0628\u064a\u0627\u0646\u0627\u062a \u0645\u062a\u0639\u062f\u062f\u0629 \u0644\u062a\u0648\u0641\u064a\u0631 \u0631\u0624\u0649 \u0641\u0648\u0631\u064a\u0629 \u0648\u062f\u0642\u064a\u0642\u0629.<\/span>\n\t\t\t\t\t\t\t\t\t<\/li>\n\t\t\t\t\t\t\t\t<li class=\"elementor-icon-list-item\">\n\t\t\t\t\t\t\t\t\t\t\t<span class=\"elementor-icon-list-icon\">\n\t\t\t\t\t\t\t<svg aria-hidden=\"true\" class=\"e-font-icon-svg e-fas-check\" viewbox=\"0 0 512 512\" xmlns=\"http:\/\/www.w3.org\/2000\/svg\"><path d=\"M173.898 439.404l-166.4-166.4c-9.997-9.997-9.997-26.206 0-36.204l36.203-36.204c9.997-9.998 26.207-9.998 36.204 0L192 312.69 432.095 72.596c9.997-9.997 26.207-9.997 36.204 0l36.203 36.204c9.997 9.997 9.997 26.206 0 36.204l-294.4 294.401c-9.998 9.997-26.207 9.997-36.204-.001z\"><\/path><\/svg>\t\t\t\t\t\t<\/span>\n\t\t\t\t\t\t\t\t\t\t<span class=\"elementor-icon-list-text\">\u062d\u0644\u0648\u0644 \u0645\u062a\u0637\u0648\u0631\u0629 \u0644\u062a\u062d\u0644\u064a\u0644 \u0627\u0644\u0628\u064a\u0627\u0646\u0627\u062a \u0627\u0644\u0645\u0639\u0642\u062f\u0629 \u0648\u062a\u0635\u0648\u064a\u0631\u0647\u0627 \u0628\u0637\u0631\u064a\u0642\u0629 \u062a\u0641\u0627\u0639\u0644\u064a\u0629 \u0644\u062f\u0639\u0645 \u0627\u062a\u062e\u0627\u0630 \u0627\u0644\u0642\u0631\u0627\u0631.<\/span>\n\t\t\t\t\t\t\t\t\t<\/li>\n\t\t\t\t\t\t\t\t<li class=\"elementor-icon-list-item\">\n\t\t\t\t\t\t\t\t\t\t\t<span class=\"elementor-icon-list-icon\">\n\t\t\t\t\t\t\t<svg aria-hidden=\"true\" class=\"e-font-icon-svg e-fas-check\" viewbox=\"0 0 512 512\" xmlns=\"http:\/\/www.w3.org\/2000\/svg\"><path d=\"M173.898 439.404l-166.4-166.4c-9.997-9.997-9.997-26.206 0-36.204l36.203-36.204c9.997-9.998 26.207-9.998 36.204 0L192 312.69 432.095 72.596c9.997-9.997 26.207-9.997 36.204 0l36.203 36.204c9.997 9.997 9.997 26.206 0 36.204l-294.4 294.401c-9.998 9.997-26.207 9.997-36.204-.001z\"><\/path><\/svg>\t\t\t\t\t\t<\/span>\n\t\t\t\t\t\t\t\t\t\t<span class=\"elementor-icon-list-text\">\u062a\u0635\u0645\u064a\u0645 \u062a\u0642\u0627\u0631\u064a\u0631 \u062a\u0641\u0627\u0639\u0644\u064a\u0629 \u0645\u062a\u0627\u062d\u0629 \u0645\u0646 \u0623\u064a \u0645\u0643\u0627\u0646 \u0639\u0628\u0631 \u0645\u0646\u0635\u0627\u062a \u0627\u0644\u062d\u0648\u0633\u0628\u0629 \u0627\u0644\u0633\u062d\u0627\u0628\u064a\u0629 \u0644\u062a\u0633\u0647\u064a\u0644 \u0627\u062a\u062e\u0627\u0630 \u0627\u0644\u0642\u0631\u0627\u0631.<\/span>\n\t\t\t\t\t\t\t\t\t<\/li>\n\t\t\t\t\t\t\t\t<li class=\"elementor-icon-list-item\">\n\t\t\t\t\t\t\t\t\t\t\t<span class=\"elementor-icon-list-icon\">\n\t\t\t\t\t\t\t<svg aria-hidden=\"true\" class=\"e-font-icon-svg e-fas-check\" viewbox=\"0 0 512 512\" xmlns=\"http:\/\/www.w3.org\/2000\/svg\"><path d=\"M173.898 439.404l-166.4-166.4c-9.997-9.997-9.997-26.206 0-36.204l36.203-36.204c9.997-9.998 26.207-9.998 36.204 0L192 312.69 432.095 72.596c9.997-9.997 26.207-9.997 36.204 0l36.203 36.204c9.997 9.997 9.997 26.206 0 36.204l-294.4 294.401c-9.998 9.997-26.207 9.997-36.204-.001z\"><\/path><\/svg>\t\t\t\t\t\t<\/span>\n\t\t\t\t\t\t\t\t\t\t<span class=\"elementor-icon-list-text\">\u062a\u0645\u0643\u064a\u0646 \u0641\u0647\u0645 \u0623\u0639\u0645\u0642 \u0644\u0644\u0627\u062a\u062c\u0627\u0647\u0627\u062a \u0648\u0627\u0644\u0623\u062f\u0627\u0621 \u0644\u062f\u0639\u0645 \u0627\u062a\u062e\u0627\u0630 \u0642\u0631\u0627\u0631\u0627\u062a \u0627\u0633\u062a\u0631\u0627\u062a\u064a\u062c\u064a\u0629 \u062f\u0642\u064a\u0642\u0629.<\/span>\n\t\t\t\t\t\t\t\t\t<\/li>\n\t\t\t\t\t\t\t\t<li class=\"elementor-icon-list-item\">\n\t\t\t\t\t\t\t\t\t\t\t<span class=\"elementor-icon-list-icon\">\n\t\t\t\t\t\t\t<svg aria-hidden=\"true\" class=\"e-font-icon-svg e-fas-check\" viewbox=\"0 0 512 512\" xmlns=\"http:\/\/www.w3.org\/2000\/svg\"><path d=\"M173.898 439.404l-166.4-166.4c-9.997-9.997-9.997-26.206 0-36.204l36.203-36.204c9.997-9.998 26.207-9.998 36.204 0L192 312.69 432.095 72.596c9.997-9.997 26.207-9.997 36.204 0l36.203 36.204c9.997 9.997 9.997 26.206 0 36.204l-294.4 294.401c-9.998 9.997-26.207 9.997-36.204-.001z\"><\/path><\/svg>\t\t\t\t\t\t<\/span>\n\t\t\t\t\t\t\t\t\t\t<span class=\"elementor-icon-list-text\">\u062a\u0639\u0632\u064a\u0632 \u0639\u0645\u0644\u064a\u0629 \u0627\u062a\u062e\u0627\u0630 \u0627\u0644\u0642\u0631\u0627\u0631 \u0645\u0646 \u062e\u0644\u0627\u0644 \u0627\u0644\u0627\u0633\u062a\u0641\u0627\u062f\u0629 \u0645\u0646 \u0631\u0624\u0649 \u062f\u0642\u064a\u0642\u0629 \u0648\u0645\u0648\u062b\u0648\u0642\u0629.<\/span>\n\t\t\t\t\t\t\t\t\t<\/li>\n\t\t\t\t\t\t\t\t<li class=\"elementor-icon-list-item\">\n\t\t\t\t\t\t\t\t\t\t\t<span class=\"elementor-icon-list-icon\">\n\t\t\t\t\t\t\t<svg aria-hidden=\"true\" class=\"e-font-icon-svg e-fas-check\" viewbox=\"0 0 512 512\" xmlns=\"http:\/\/www.w3.org\/2000\/svg\"><path d=\"M173.898 439.404l-166.4-166.4c-9.997-9.997-9.997-26.206 0-36.204l36.203-36.204c9.997-9.998 26.207-9.998 36.204 0L192 312.69 432.095 72.596c9.997-9.997 26.207-9.997 36.204 0l36.203 36.204c9.997 9.997 9.997 26.206 0 36.204l-294.4 294.401c-9.998 9.997-26.207 9.997-36.204-.001z\"><\/path><\/svg>\t\t\t\t\t\t<\/span>\n\t\t\t\t\t\t\t\t\t\t<span class=\"elementor-icon-list-text\">\u0623\u062a\u0645\u062a\u0629 \u0627\u0644\u062a\u0642\u0627\u0631\u064a\u0631 \u0628\u0647\u062f\u0641 \u062a\u0648\u0641\u064a\u0631 \u0627\u0644\u0648\u0642\u062a \u0648\u0632\u064a\u0627\u062f\u0629 \u0627\u0644\u062f\u0642\u0629 \u0645\u0646 \u062e\u0644\u0627\u0644 \u062a\u0642\u0644\u064a\u0644 \u0627\u0644\u0623\u062e\u0637\u0627\u0621 \u0627\u0644\u0628\u0634\u0631\u064a\u0629.<\/span>\n\t\t\t\t\t\t\t\t\t<\/li>\n\t\t\t\t\t\t<\/ul>\n\t\t\t\t\t\t<\/div>\n\t\t\t\t<\/div>\n\t\t\t\t\t<\/div>\n\t\t<\/div>\n\t\t\t\t\t<\/div>\n\t\t<\/section>\n\t\t\t\t<\/div>","protected":false},"excerpt":{"rendered":"<p>\/\/ Service Tableaux de Bord et Visualisation de Donn\u00e9es Nous d\u00e9veloppons des tableaux de bord et des rapports personnalis\u00e9s pour aider les entreprises \u00e0 mieux comprendre leurs performances. Cela facilite l\u2019adoption d\u2019une approche bas\u00e9e sur les donn\u00e9es de mani\u00e8re simple et accessible. Conception de tableaux de bord dynamiques pour suivre les KPI. Cr\u00e9ation de rapports [&hellip;]<\/p>","protected":false},"author":1,"featured_media":0,"parent":0,"menu_order":0,"comment_status":"closed","ping_status":"closed","template":"","meta":{"footnotes":""},"class_list":["post-5529","page","type-page","status-publish","hentry"],"_links":{"self":[{"href":"https:\/\/bravinci.ma\/ar\/wp-json\/wp\/v2\/pages\/5529","targetHints":{"allow":["GET"]}}],"collection":[{"href":"https:\/\/bravinci.ma\/ar\/wp-json\/wp\/v2\/pages"}],"about":[{"href":"https:\/\/bravinci.ma\/ar\/wp-json\/wp\/v2\/types\/page"}],"author":[{"embeddable":true,"href":"https:\/\/bravinci.ma\/ar\/wp-json\/wp\/v2\/users\/1"}],"replies":[{"embeddable":true,"href":"https:\/\/bravinci.ma\/ar\/wp-json\/wp\/v2\/comments?post=5529"}],"version-history":[{"count":62,"href":"https:\/\/bravinci.ma\/ar\/wp-json\/wp\/v2\/pages\/5529\/revisions"}],"predecessor-version":[{"id":5601,"href":"https:\/\/bravinci.ma\/ar\/wp-json\/wp\/v2\/pages\/5529\/revisions\/5601"}],"wp:attachment":[{"href":"https:\/\/bravinci.ma\/ar\/wp-json\/wp\/v2\/media?parent=5529"}],"curies":[{"name":"wp","href":"https:\/\/api.w.org\/{rel}","templated":true}]}}