{"id":5602,"date":"2025-03-19T23:15:14","date_gmt":"2025-03-19T23:15:14","guid":{"rendered":"https:\/\/bravinci.ma\/?page_id=5602"},"modified":"2025-03-20T00:18:08","modified_gmt":"2025-03-20T00:18:08","slug":"datawarehousing","status":"publish","type":"page","link":"https:\/\/bravinci.ma\/ar\/datawarehousing\/","title":{"rendered":"\u0645\u0633\u062a\u0648\u062f\u0639\u0627\u062a \u0627\u0644\u0628\u064a\u0627\u0646\u0627\u062a"},"content":{"rendered":"<div data-elementor-type=\"wp-page\" data-elementor-id=\"5602\" class=\"elementor elementor-5602\">\n\t\t\t\t\t\t<section class=\"elementor-section elementor-top-section elementor-element elementor-element-07e5780 elementor-section-content-middle ot-traditional elementor-section-boxed elementor-section-height-default elementor-section-height-default\" data-id=\"07e5780\" data-element_type=\"section\" data-settings=\"{&quot;background_background&quot;:&quot;classic&quot;}\">\n\t\t\t\t\t\t\t<div class=\"elementor-background-overlay\"><\/div>\n\t\t\t\t\t\t\t<div class=\"elementor-container elementor-column-gap-extended\">\n\t\t\t\t\t<div class=\"elementor-column elementor-col-50 elementor-top-column elementor-element elementor-element-7a6f9c0 ot-flex-column-vertical\" data-id=\"7a6f9c0\" data-element_type=\"column\">\n\t\t\t<div class=\"elementor-widget-wrap elementor-element-populated\">\n\t\t\t\t\t\t<div class=\"elementor-element elementor-element-1d9472c elementor-widget elementor-widget-iheading\" data-id=\"1d9472c\" data-element_type=\"widget\" data-widget_type=\"iheading.default\">\n\t\t\t\t<div class=\"elementor-widget-container\">\n\t\t\t\t\t\t\t<div class=\"ot-heading\">\r\n\t        \t            <span>\u0627\u0644\u062e\u062f\u0645\u0627\u062a \/\/<\/span>\r\n\t        <h2 class=\"main-heading\">\u0645\u0633\u062a\u0648\u062f\u0639\u0627\u062a \u0627\u0644\u0628\u064a\u0627\u0646\u0627\u062a<\/h2>\t    <\/div>\r\n\t    \t\t\t\t<\/div>\n\t\t\t\t<\/div>\n\t\t\t\t<div class=\"elementor-element elementor-element-48e7b1e elementor-hidden-desktop elementor-hidden-tablet elementor-widget elementor-widget-image\" data-id=\"48e7b1e\" data-element_type=\"widget\" data-widget_type=\"image.default\">\n\t\t\t\t<div class=\"elementor-widget-container\">\n\t\t\t\t\t\t\t\t\t\t\t\t\t\t\t<img fetchpriority=\"high\" decoding=\"async\" width=\"1999\" height=\"1143\" src=\"https:\/\/bravinci.ma\/wp-content\/uploads\/2025\/03\/datawarehousing.png\" class=\"attachment-full size-full wp-image-5631\" alt=\"\" srcset=\"https:\/\/bravinci.ma\/wp-content\/uploads\/2025\/03\/datawarehousing.png 1999w, https:\/\/bravinci.ma\/wp-content\/uploads\/2025\/03\/datawarehousing-300x172.png 300w, https:\/\/bravinci.ma\/wp-content\/uploads\/2025\/03\/datawarehousing-1024x586.png 1024w, https:\/\/bravinci.ma\/wp-content\/uploads\/2025\/03\/datawarehousing-768x439.png 768w, https:\/\/bravinci.ma\/wp-content\/uploads\/2025\/03\/datawarehousing-1536x878.png 1536w, https:\/\/bravinci.ma\/wp-content\/uploads\/2025\/03\/datawarehousing-720x412.png 720w\" sizes=\"(max-width: 1999px) 100vw, 1999px\" \/>\t\t\t\t\t\t\t\t\t\t\t\t\t\t\t<\/div>\n\t\t\t\t<\/div>\n\t\t\t\t<div class=\"elementor-element elementor-element-5fb0827 elementor-widget elementor-widget-text-editor\" data-id=\"5fb0827\" data-element_type=\"widget\" data-widget_type=\"text-editor.default\">\n\t\t\t\t<div class=\"elementor-widget-container\">\n\t\t\t\t\t\t\t\t\t<p>\u0646\u0635\u0645\u0645 \u0648\u0646\u0646\u0638\u0645 \u0648\u0646\u0637\u0648\u0651\u0631 <strong>\u0645\u0633\u062a\u0648\u062f\u0639\u0627\u062a \u0627\u0644\u0628\u064a\u0627\u0646\u0627\u062a<\/strong> \u0648 \u0627\u0644\u0628\u064a\u0626\u0627\u062a \u0627\u0644\u062a\u062d\u0644\u064a\u0644\u064a\u0629. <strong>\u0645\u0633\u062a\u0648\u062f\u0639\u0627\u062a \u0627\u0644\u0628\u064a\u0627\u0646\u0627\u062a<\/strong> \u064a\u062a\u0645\u062b\u0644 \u0641\u064a <strong>\u064a\u062a\u0645\u062b\u0644 \u0645\u0633\u062a\u0648\u062f\u0639 \u0627\u0644\u0628\u064a\u0627\u0646\u0627\u062a \u0641\u064a \u062c\u0645\u0639 \u0648\u062a\u062e\u0632\u064a\u0646 \u0648\u0625\u062f\u0627\u0631\u0629 \u0643\u0645\u064a\u0627\u062a \u0636\u062e\u0645\u0629 \u0645\u0646 \u0627\u0644\u0628\u064a\u0627\u0646\u0627\u062a \u0627\u0644\u0642\u0627\u062f\u0645\u0629 \u0645\u0646 \u0645\u0635\u0627\u062f\u0631 \u0645\u062e\u062a\u0644\u0641\u0629.<\/strong>\u064a\u062a\u0645\u062b\u0644 \u0645\u0633\u062a\u0648\u062f\u0639 \u0627\u0644\u0628\u064a\u0627\u0646\u0627\u062a \u0641\u064a \u062c\u0645\u0639 \u0648\u062a\u062e\u0632\u064a\u0646 \u0648\u0625\u062f\u0627\u0631\u0629 \u0643\u0645\u064a\u0627\u062a \u0636\u062e\u0645\u0629 \u0645\u0646 \u0627\u0644\u0628\u064a\u0627\u0646\u0627\u062a \u0627\u0644\u0642\u0627\u062f\u0645\u0629 \u0645\u0646 \u0645\u0635\u0627\u062f\u0631 \u0645\u062e\u062a\u0644\u0641\u0629\u060c \u0628\u062d\u064a\u062b \u064a\u0645\u0643\u0646 \u0627\u0633\u062a\u063a\u0644\u0627\u0644\u0647\u0627 \u0628\u0641\u0639\u0627\u0644\u064a\u0629 \u0644\u0627\u062a\u062e\u0627\u0630 \u0642\u0631\u0627\u0631\u0627\u062a \u0623\u0643\u062b\u0631 \u0648\u0636\u0648\u062d\u064b\u0627 \u0648\u062f\u0642\u0629.<\/p>\t\t\t\t\t\t\t\t<\/div>\n\t\t\t\t<\/div>\n\t\t\t\t<div class=\"elementor-element elementor-element-06e9018 elementor-widget elementor-widget-text-editor\" data-id=\"06e9018\" data-element_type=\"widget\" data-widget_type=\"text-editor.default\">\n\t\t\t\t<div class=\"elementor-widget-container\">\n\t\t\t\t\t\t\t\t\t<p>\u0645\u0646 \u0627\u0644\u0631\u0643\u0627\u0626\u0632 \u0627\u0644\u0623\u0633\u0627\u0633\u064a\u0629 \u0644\u0647\u0630\u0647 \u0627\u0644\u0628\u0646\u064a\u0629 \u0639\u0645\u0644\u064a\u0629 <strong>ETL (\u0627\u0644\u0627\u0633\u062a\u062e\u0631\u0627\u062c\u060c \u0627\u0644\u062a\u062d\u0648\u064a\u0644\u060c \u0627\u0644\u062a\u062d\u0645\u064a\u0644)<\/strong>\u060c \u0627\u0644\u062a\u064a \u062a\u062a\u0645\u062b\u0644 \u0641\u064a <strong>\u0627\u0644\u062a\u064a \u062a\u062a\u0645\u062b\u0644 \u0641\u064a \u0627\u0633\u062a\u062e\u0631\u0627\u062c \u0627\u0644\u0628\u064a\u0627\u0646\u0627\u062a \u0627\u0644\u062e\u0627\u0645 \u0645\u0646 \u0645\u0635\u0627\u062f\u0631 \u0645\u062e\u062a\u0644\u0641\u0629\u060c \u0648\u062a\u0646\u0642\u064a\u062a\u0647\u0627 \u0648\u0647\u064a\u0643\u0644\u062a\u0647\u0627.<\/strong> \u0642\u0628\u0644 \u0625\u062f\u0631\u0627\u062c\u0647\u0627 \u0641\u064a \u0645\u0633\u062a\u0648\u062f\u0639 \u0627\u0644\u0628\u064a\u0627\u0646\u0627\u062a. \u0647\u0630\u0627 \u0627\u0644\u0623\u0633\u0644\u0648\u0628 \u064a\u062a\u064a\u062d \u0644\u0644\u0634\u0631\u0643\u0627\u062a \u0627\u0644\u062d\u0635\u0648\u0644 \u0639\u0644\u0649 \u0631\u0624\u0649 \u062f\u0642\u064a\u0642\u0629 \u0648\u0645\u0648\u062b\u0648\u0642\u0629 \u062f\u0648\u0646 \u0639\u0646\u0627\u0621 \u0645\u0639\u0627\u0644\u062c\u0629 \u0627\u0644\u0628\u064a\u0627\u0646\u0627\u062a \u0627\u0644\u0636\u062e\u0645\u0629 \u064a\u062f\u0648\u064a\u064b\u0627.<\/p>\t\t\t\t\t\t\t\t<\/div>\n\t\t\t\t<\/div>\n\t\t\t\t<div class=\"elementor-element elementor-element-d436e7f elementor-widget elementor-widget-text-editor\" data-id=\"d436e7f\" data-element_type=\"widget\" data-widget_type=\"text-editor.default\">\n\t\t\t\t<div class=\"elementor-widget-container\">\n\t\t\t\t\t\t\t\t\t<p>\u0646\u0633\u062a\u062e\u062f\u0645 <strong>\u0623\u062f\u0648\u0627\u062a \u0645\u062a\u0642\u062f\u0645\u0629 \u0644\u0639\u0645\u0644\u064a\u0629 \u0627\u0644\u0640 ETL<\/strong>\u060c \u0645\u062b\u0644 <strong>Informatica PowerCenter \u0648Talend \u0648Microsoft SSIS \u0648Azure Data Factory (ADF)<\/strong>\u060c \u0644\u0636\u0645\u0627\u0646 \u0625\u062f\u0627\u0631\u0629 \u0633\u0644\u0633\u0629 \u0648\u0641\u0639\u0651\u0627\u0644\u0629 \u0644\u062a\u062f\u0641\u0642\u0627\u062a \u0627\u0644\u0628\u064a\u0627\u0646\u0627\u062a. \u062a\u0645\u0643\u0651\u0646 \u062d\u0644\u0648\u0644\u0646\u0627 \u0627\u0644\u0634\u0631\u0643\u0627\u062a \u0645\u0646 \u062a\u062e\u0632\u064a\u0646 \u0627\u0644\u0628\u064a\u0627\u0646\u0627\u062a \u0648\u062a\u062d\u0644\u064a\u0644\u0647\u0627 \u0639\u0644\u0649 \u0645\u0646\u0635\u0627\u062a \u0642\u0648\u064a\u0629 \u0648\u0645\u062a\u0637\u0648\u0631\u0629 \u0645\u062b\u0644 <strong>Power BI \u0648Azure Synapse \u0648Snowflake \u0648Google BigQuery<\/strong>\u060c \u0628\u0645\u0627 \u064a\u0636\u0645\u0646 \u0627\u062a\u062e\u0627\u0630 \u0642\u0631\u0627\u0631\u0627\u062a \u0627\u0633\u062a\u0631\u0627\u062a\u064a\u062c\u064a\u0629 \u0628\u0633\u0631\u0639\u0629 \u0648\u062f\u0642\u0629 \u0639\u0627\u0644\u064a\u0629.<\/p>\t\t\t\t\t\t\t\t<\/div>\n\t\t\t\t<\/div>\n\t\t\t\t\t<\/div>\n\t\t<\/div>\n\t\t\t\t<div class=\"elementor-column elementor-col-50 elementor-top-column elementor-element elementor-element-681731a ot-flex-column-vertical\" data-id=\"681731a\" data-element_type=\"column\">\n\t\t\t<div class=\"elementor-widget-wrap\">\n\t\t\t\t\t\t\t<\/div>\n\t\t<\/div>\n\t\t\t\t\t<\/div>\n\t\t<\/section>\n\t\t\t\t<\/div>","protected":false},"excerpt":{"rendered":"<p>\/\/ Service DataWarehousing Nous construisons, g\u00e9rons et d\u00e9veloppons des entrep\u00f4ts de donn\u00e9es et des environnements analytiques. Le Datawarehousing consiste \u00e0 collecter, stocker et g\u00e9rer de grands volumes de donn\u00e9es provenant de diff\u00e9rentes sources, afin qu&rsquo;elles puissent \u00eatre exploit\u00e9es efficacement pour une prise de d\u00e9cision plus \u00e9clair\u00e9e. Un \u00e9l\u00e9ment cl\u00e9 de cette architecture est le processus [&hellip;]<\/p>","protected":false},"author":1,"featured_media":0,"parent":0,"menu_order":0,"comment_status":"closed","ping_status":"closed","template":"","meta":{"footnotes":""},"class_list":["post-5602","page","type-page","status-publish","hentry"],"_links":{"self":[{"href":"https:\/\/bravinci.ma\/ar\/wp-json\/wp\/v2\/pages\/5602","targetHints":{"allow":["GET"]}}],"collection":[{"href":"https:\/\/bravinci.ma\/ar\/wp-json\/wp\/v2\/pages"}],"about":[{"href":"https:\/\/bravinci.ma\/ar\/wp-json\/wp\/v2\/types\/page"}],"author":[{"embeddable":true,"href":"https:\/\/bravinci.ma\/ar\/wp-json\/wp\/v2\/users\/1"}],"replies":[{"embeddable":true,"href":"https:\/\/bravinci.ma\/ar\/wp-json\/wp\/v2\/comments?post=5602"}],"version-history":[{"count":41,"href":"https:\/\/bravinci.ma\/ar\/wp-json\/wp\/v2\/pages\/5602\/revisions"}],"predecessor-version":[{"id":5646,"href":"https:\/\/bravinci.ma\/ar\/wp-json\/wp\/v2\/pages\/5602\/revisions\/5646"}],"wp:attachment":[{"href":"https:\/\/bravinci.ma\/ar\/wp-json\/wp\/v2\/media?parent=5602"}],"curies":[{"name":"wp","href":"https:\/\/api.w.org\/{rel}","templated":true}]}}