{"id":5666,"date":"2025-03-20T01:02:32","date_gmt":"2025-03-20T01:02:32","guid":{"rendered":"https:\/\/bravinci.ma\/?page_id=5666"},"modified":"2025-03-20T01:21:28","modified_gmt":"2025-03-20T01:21:28","slug":"cloud-data-platforms","status":"publish","type":"page","link":"https:\/\/bravinci.ma\/ar\/cloud-data-platforms\/","title":{"rendered":"\u0645\u0646\u0635\u0627\u062a \u0627\u0644\u0628\u064a\u0627\u0646\u0627\u062a \u0627\u0644\u0633\u062d\u0627\u0628\u064a\u0629"},"content":{"rendered":"<div data-elementor-type=\"wp-page\" data-elementor-id=\"5666\" class=\"elementor elementor-5666\">\n\t\t\t\t\t\t<section class=\"elementor-section elementor-top-section elementor-element elementor-element-07e5780 elementor-section-content-middle ot-traditional elementor-section-boxed elementor-section-height-default elementor-section-height-default\" data-id=\"07e5780\" data-element_type=\"section\" data-settings=\"{&quot;background_background&quot;:&quot;classic&quot;}\">\n\t\t\t\t\t\t\t<div class=\"elementor-background-overlay\"><\/div>\n\t\t\t\t\t\t\t<div class=\"elementor-container elementor-column-gap-extended\">\n\t\t\t\t\t<div class=\"elementor-column elementor-col-50 elementor-top-column elementor-element elementor-element-7a6f9c0 ot-flex-column-vertical\" data-id=\"7a6f9c0\" data-element_type=\"column\">\n\t\t\t<div class=\"elementor-widget-wrap elementor-element-populated\">\n\t\t\t\t\t\t<div class=\"elementor-element elementor-element-1d9472c elementor-widget elementor-widget-iheading\" data-id=\"1d9472c\" data-element_type=\"widget\" data-widget_type=\"iheading.default\">\n\t\t\t\t<div class=\"elementor-widget-container\">\n\t\t\t\t\t\t\t<div class=\"ot-heading\">\r\n\t        \t            <span>\u0627\u0644\u062e\u062f\u0645\u0627\u062a \/\/<\/span>\r\n\t        <h2 class=\"main-heading\">\u0645\u0646\u0635\u0627\u062a \u0627\u0644\u0628\u064a\u0627\u0646\u0627\u062a \u0627\u0644\u0633\u062d\u0627\u0628\u064a\u0629<\/h2>\t    <\/div>\r\n\t    \t\t\t\t<\/div>\n\t\t\t\t<\/div>\n\t\t\t\t<div class=\"elementor-element elementor-element-5fb0827 elementor-widget elementor-widget-text-editor\" data-id=\"5fb0827\" data-element_type=\"widget\" data-widget_type=\"text-editor.default\">\n\t\t\t\t<div class=\"elementor-widget-container\">\n\t\t\t\t\t\t\t\t\t<p>\u0646\u0648\u0641\u0651\u0631 \u0645\u0646\u0635\u0627\u062a \u0628\u064a\u0627\u0646\u0627\u062a \u0633\u062d\u0627\u0628\u064a\u0629 \u062a\u062a\u064a\u062d \u0644\u0644\u0634\u0631\u0643\u0627\u062a \u0627\u0644\u0642\u062f\u0631\u0629 \u0639\u0644\u0649 <strong>\u0646\u0642\u0648\u0645 \u0628\u0646\u0634\u0631 \u0645\u0646\u0635\u0627\u062a \u0628\u064a\u0627\u0646\u0627\u062a \u0633\u062d\u0627\u0628\u064a\u0629 \u062a\u0645\u0643\u0651\u0646 \u0627\u0644\u0634\u0631\u0643\u0627\u062a \u0645\u0646 \u062a\u062e\u0632\u064a\u0646 \u0648\u0645\u0639\u0627\u0644\u062c\u0629 \u0648\u062a\u062d\u0644\u064a\u0644 \u0645\u0639\u0644\u0648\u0645\u0627\u062a\u0647\u0627 \u0628\u0637\u0631\u064a\u0642\u0629 \u0645\u0631\u0646\u0629 \u0648\u0642\u0627\u0628\u0644\u0629 \u0644\u0644\u062a\u0637\u0648\u064a\u0631.<\/strong>\u062a\u0645\u0643\u0651\u0646 \u0647\u0630\u0647 \u0627\u0644\u062d\u0644\u0648\u0644 \u0627\u0644\u0645\u0646\u0638\u0645\u0627\u062a \u0645\u0646 \u0625\u062f\u0627\u0631\u0629 <strong>\u0628\u0641\u0636\u0644 \u0647\u0630\u0647 \u0627\u0644\u062d\u0644\u0648\u0644\u060c \u064a\u0645\u0643\u0646 \u0644\u0644\u0645\u0646\u0638\u0645\u0627\u062a \u0625\u062f\u0627\u0631\u0629 \u0623\u062d\u062c\u0627\u0645 \u0627\u0644\u0628\u064a\u0627\u0646\u0627\u062a \u0627\u0644\u0645\u062a\u0632\u0627\u064a\u062f\u0629 \u0628\u0641\u0639\u0627\u0644\u064a\u0629.<\/strong> \u0643\u0644 \u0630\u0644\u0643 \u062f\u0648\u0646 \u0627\u0644\u0627\u0639\u062a\u0645\u0627\u062f \u0639\u0644\u0649 \u0628\u0646\u064a\u0629 \u062a\u062d\u062a\u064a\u0629 \u0645\u0643\u0644\u0641\u0629\u060c \u0645\u0639 \u062a\u0645\u0643\u064a\u0646 \u0627\u0644\u0648\u0635\u0648\u0644 \u0627\u0644\u0644\u062d\u0638\u064a \u0625\u0644\u0649 \u0627\u0644\u0645\u0639\u0644\u0648\u0645\u0627\u062a \u0644\u062a\u0639\u0632\u064a\u0632 \u0633\u0631\u0639\u0629 \u0627\u062a\u062e\u0627\u0630 \u0627\u0644\u0642\u0631\u0627\u0631 \u0648\u0627\u0644\u062a\u0643\u064a\u0641 \u0645\u0639 \u062a\u063a\u064a\u0631\u0627\u062a \u0627\u0644\u0633\u0648\u0642 \u0628\u0641\u0639\u0627\u0644\u064a\u0629.<\/p>\t\t\t\t\t\t\t\t<\/div>\n\t\t\t\t<\/div>\n\t\t\t\t\t<\/div>\n\t\t<\/div>\n\t\t\t\t<div class=\"elementor-column elementor-col-50 elementor-top-column elementor-element elementor-element-681731a ot-flex-column-vertical\" data-id=\"681731a\" data-element_type=\"column\" data-settings=\"{&quot;background_background&quot;:&quot;classic&quot;}\">\n\t\t\t<div class=\"elementor-widget-wrap elementor-element-populated\">\n\t\t\t\t\t\t<div class=\"elementor-element elementor-element-24f0185 elementor-hidden-desktop elementor-widget elementor-widget-image\" data-id=\"24f0185\" data-element_type=\"widget\" data-widget_type=\"image.default\">\n\t\t\t\t<div class=\"elementor-widget-container\">\n\t\t\t\t\t\t\t\t\t\t\t\t\t\t\t<img fetchpriority=\"high\" decoding=\"async\" width=\"1200\" height=\"1200\" src=\"https:\/\/bravinci.ma\/wp-content\/uploads\/2025\/03\/\u2014Pngtree\u2014modern-digital-data-security-cloud_6498132.png\" class=\"attachment-full size-full wp-image-5680\" alt=\"\" srcset=\"https:\/\/bravinci.ma\/wp-content\/uploads\/2025\/03\/\u2014Pngtree\u2014modern-digital-data-security-cloud_6498132.png 1200w, https:\/\/bravinci.ma\/wp-content\/uploads\/2025\/03\/\u2014Pngtree\u2014modern-digital-data-security-cloud_6498132-300x300.png 300w, https:\/\/bravinci.ma\/wp-content\/uploads\/2025\/03\/\u2014Pngtree\u2014modern-digital-data-security-cloud_6498132-1024x1024.png 1024w, https:\/\/bravinci.ma\/wp-content\/uploads\/2025\/03\/\u2014Pngtree\u2014modern-digital-data-security-cloud_6498132-150x150.png 150w, https:\/\/bravinci.ma\/wp-content\/uploads\/2025\/03\/\u2014Pngtree\u2014modern-digital-data-security-cloud_6498132-768x768.png 768w, https:\/\/bravinci.ma\/wp-content\/uploads\/2025\/03\/\u2014Pngtree\u2014modern-digital-data-security-cloud_6498132-720x720.png 720w\" sizes=\"(max-width: 1200px) 100vw, 1200px\" \/>\t\t\t\t\t\t\t\t\t\t\t\t\t\t\t<\/div>\n\t\t\t\t<\/div>\n\t\t\t\t<div class=\"elementor-element elementor-element-06e9018 elementor-widget elementor-widget-text-editor\" data-id=\"06e9018\" data-element_type=\"widget\" data-widget_type=\"text-editor.default\">\n\t\t\t\t<div class=\"elementor-widget-container\">\n\t\t\t\t\t\t\t\t\t<p>\u0627\u0639\u062a\u0645\u0627\u062f \u0645\u0646\u0635\u0627\u062a \u0627\u0644\u0628\u064a\u0627\u0646\u0627\u062a \u0627\u0644\u0633\u062d\u0627\u0628\u064a\u0629 \u064a\u0645\u0646\u062d \u0627\u0644\u0634\u0631\u0643\u0627\u062a \u0645\u062c\u0645\u0648\u0639\u0629 \u0648\u0627\u0633\u0639\u0629 \u0645\u0646 \u0627\u0644\u0645\u0632\u0627\u064a\u0627\u060c <strong>\u0648\u062a\u0634\u0645\u0644 \u0647\u0630\u0647 \u0627\u0644\u0645\u0632\u0627\u064a\u0627 \u0639\u0644\u0649 \u0648\u062c\u0647 \u0627\u0644\u062e\u0635\u0648\u0635: \u0642\u0627\u0628\u0644\u064a\u0629 \u0627\u0644\u062a\u0648\u0633\u0639 \u0628\u0645\u0627 \u064a\u062a\u0646\u0627\u0633\u0628 \u0645\u0639 \u0627\u062d\u062a\u064a\u0627\u062c\u0627\u062a \u0643\u0644 \u0634\u0631\u0643\u0629\u060c \u0648\u062a\u0642\u0644\u064a\u0644 \u0627\u0644\u062a\u0643\u0627\u0644\u064a\u0641 \u0639\u0628\u0631 \u0627\u0644\u0627\u0633\u062a\u063a\u0646\u0627\u0621 \u0639\u0646 \u0627\u0644\u0628\u0646\u0649 \u0627\u0644\u062a\u062d\u062a\u064a\u0629 \u0627\u0644\u0645\u0643\u0644\u0641\u0629\u060c \u0648\u0627\u0644\u0648\u0635\u0648\u0644 \u0627\u0644\u0623\u0645\u062b\u0644 \u0625\u0644\u0649 \u0627\u0644\u0628\u064a\u0627\u0646\u0627\u062a \u0645\u0646 \u0623\u064a \u0645\u0643\u0627\u0646 \u0648\u0623\u064a \u062c\u0647\u0627\u0632.<\/strong> \u0643\u0645\u0627 \u062a\u0636\u0645\u0646 \u0647\u0630\u0647 \u0627\u0644\u062d\u0644\u0648\u0644 \u062a\u0639\u0632\u064a\u0632 \u0627\u0644\u0623\u062f\u0627\u0621 \u0639\u0628\u0631 \u062a\u062d\u0633\u064a\u0646 \u0637\u0631\u0642 \u062a\u062e\u0632\u064a\u0646 \u0627\u0644\u0628\u064a\u0627\u0646\u0627\u062a \u0648\u0645\u0639\u0627\u0644\u062c\u062a\u0647\u0627 \u0644\u062a\u062d\u0642\u064a\u0642 \u0623\u0642\u0635\u0649<\/p>\t\t\t\t\t\t\t\t<\/div>\n\t\t\t\t<\/div>\n\t\t\t\t<div class=\"elementor-element elementor-element-d436e7f elementor-widget elementor-widget-text-editor\" data-id=\"d436e7f\" data-element_type=\"widget\" data-widget_type=\"text-editor.default\">\n\t\t\t\t<div class=\"elementor-widget-container\">\n\t\t\t\t\t\t\t\t\t<p>\u0646\u0642\u062f\u0651\u0645 \u0627\u0644\u062f\u0639\u0645 \u0648\u0627\u0644\u0645\u0631\u0627\u0641\u0642\u0629 \u0644\u0644\u0634\u0631\u0643\u0627\u062a <strong>\u0644\u062f\u0639\u0645 \u0627\u0644\u0634\u0631\u0643\u0627\u062a \u0641\u064a \u0627\u0646\u062a\u0642\u0627\u0644\u0647\u0627 \u0625\u0644\u0649 \u0627\u0644\u062d\u0648\u0633\u0628\u0629 \u0627\u0644\u0633\u062d\u0627\u0628\u064a\u0629 \u0645\u0639 \u0636\u0645\u0627\u0646 \u062a\u0631\u062d\u064a\u0644 \u0622\u0645\u0646 \u0648\u0641\u0639\u0651\u0627\u0644 \u0645\u0646 \u0623\u0646\u0638\u0645\u062a\u0647\u0627 \u0627\u0644\u062a\u0642\u0644\u064a\u062f\u064a\u0629. <\/strong>\u062a\u062a\u0636\u0645\u0646 \u062e\u062f\u0645\u0627\u062a\u0646\u0627 \u062a\u062d\u0633\u064a\u0646 \u0627\u0644\u0647\u064a\u0627\u0643\u0644 \u0627\u0644\u0633\u062d\u0627\u0628\u064a\u0629 \u0644\u062a\u062d\u0642\u064a\u0642 \u0623\u0642\u0635\u0649 \u0623\u062f\u0627\u0621 \u0628\u0623\u0642\u0644 \u062a\u0643\u0644\u0641\u0629\u060c \u0645\u0639 \u0627\u0639\u062a\u0645\u0627\u062f \u0628\u0631\u0648\u062a\u0648\u0643\u0648\u0644\u0627\u062a \u0623\u0645\u0627\u0646 \u0645\u062a\u0637\u0648\u0631\u0629 \u0644\u0636\u0645\u0627\u0646 \u062d\u0645\u0627\u064a\u0629 \u0627\u0644\u0628\u064a\u0627\u0646\u0627\u062a \u0627\u0644\u062d\u0633\u0627\u0633\u0629 \u0628\u0627\u0644\u0643\u0627\u0645\u0644.<\/p>\t\t\t\t\t\t\t\t<\/div>\n\t\t\t\t<\/div>\n\t\t\t\t\t<\/div>\n\t\t<\/div>\n\t\t\t\t\t<\/div>\n\t\t<\/section>\n\t\t\t\t<\/div>","protected":false},"excerpt":{"rendered":"<p>\/\/ Service Cloud Data Platforms Nous d\u00e9ployons des plateformes de donn\u00e9es cloud permettant aux entreprises de stocker, traiter et analyser leurs informations de mani\u00e8re flexible et \u00e9volutive. Gr\u00e2ce \u00e0 ces solutions, les organisations peuvent g\u00e9rer efficacement des volumes croissants de donn\u00e9es sans n\u00e9cessiter d\u2019infrastructure physique co\u00fbteuse. L\u2019acc\u00e8s en temps r\u00e9el aux informations facilite la prise [&hellip;]<\/p>","protected":false},"author":1,"featured_media":0,"parent":0,"menu_order":0,"comment_status":"closed","ping_status":"closed","template":"","meta":{"footnotes":""},"class_list":["post-5666","page","type-page","status-publish","hentry"],"_links":{"self":[{"href":"https:\/\/bravinci.ma\/ar\/wp-json\/wp\/v2\/pages\/5666","targetHints":{"allow":["GET"]}}],"collection":[{"href":"https:\/\/bravinci.ma\/ar\/wp-json\/wp\/v2\/pages"}],"about":[{"href":"https:\/\/bravinci.ma\/ar\/wp-json\/wp\/v2\/types\/page"}],"author":[{"embeddable":true,"href":"https:\/\/bravinci.ma\/ar\/wp-json\/wp\/v2\/users\/1"}],"replies":[{"embeddable":true,"href":"https:\/\/bravinci.ma\/ar\/wp-json\/wp\/v2\/comments?post=5666"}],"version-history":[{"count":29,"href":"https:\/\/bravinci.ma\/ar\/wp-json\/wp\/v2\/pages\/5666\/revisions"}],"predecessor-version":[{"id":5701,"href":"https:\/\/bravinci.ma\/ar\/wp-json\/wp\/v2\/pages\/5666\/revisions\/5701"}],"wp:attachment":[{"href":"https:\/\/bravinci.ma\/ar\/wp-json\/wp\/v2\/media?parent=5666"}],"curies":[{"name":"wp","href":"https:\/\/api.w.org\/{rel}","templated":true}]}}