{"id":5357,"date":"2025-03-18T00:30:42","date_gmt":"2025-03-18T00:30:42","guid":{"rendered":"https:\/\/bravinci.ma\/?page_id=5357"},"modified":"2025-04-04T00:05:22","modified_gmt":"2025-04-04T00:05:22","slug":"approche","status":"publish","type":"page","link":"https:\/\/bravinci.ma\/en\/approche\/","title":{"rendered":"Approach"},"content":{"rendered":"<div data-elementor-type=\"wp-page\" data-elementor-id=\"5357\" class=\"elementor elementor-5357\">\n\t\t\t\t\t\t<section class=\"elementor-section elementor-top-section elementor-element elementor-element-c8d232e elementor-section-content-middle elementor-section-boxed elementor-section-height-default elementor-section-height-default\" data-id=\"c8d232e\" data-element_type=\"section\" data-settings=\"{&quot;background_background&quot;:&quot;classic&quot;}\">\n\t\t\t\t\t\t<div class=\"elementor-container elementor-column-gap-extended\">\n\t\t\t\t\t<div class=\"elementor-column elementor-col-100 elementor-top-column elementor-element elementor-element-11014cb ot-flex-column-vertical\" data-id=\"11014cb\" data-element_type=\"column\">\n\t\t\t<div class=\"elementor-widget-wrap elementor-element-populated\">\n\t\t\t\t\t\t<div class=\"elementor-element elementor-element-f9e7aaa elementor-widget__width-inherit elementor-widget elementor-widget-text-editor\" data-id=\"f9e7aaa\" data-element_type=\"widget\" data-widget_type=\"text-editor.default\">\n\t\t\t\t<div class=\"elementor-widget-container\">\n\t\t\t\t\t\t\t\t\t<p>We adopt a <strong>structured approach<\/strong>, consisting of <strong>six logical and clear steps<\/strong>, in order to ensure a <strong>successful implementation<\/strong> of our solutions, in close collaboration with our clients.<\/p>\t\t\t\t\t\t\t\t<\/div>\n\t\t\t\t<\/div>\n\t\t\t\t<section class=\"elementor-section elementor-inner-section elementor-element elementor-element-6b08fb5 elementor-section-full_width ot-traditional elementor-section-height-default elementor-section-height-default\" data-id=\"6b08fb5\" data-element_type=\"section\">\n\t\t\t\t\t\t<div class=\"elementor-container elementor-column-gap-extended\">\n\t\t\t\t\t<div class=\"elementor-column elementor-col-100 elementor-inner-column elementor-element elementor-element-048b3cd ot-flex-column-vertical\" data-id=\"048b3cd\" data-element_type=\"column\">\n\t\t\t<div class=\"elementor-widget-wrap elementor-element-populated\">\n\t\t\t\t\t\t<div class=\"elementor-element elementor-element-29e8479 elementor-widget elementor-widget-iserv_box_2\" data-id=\"29e8479\" data-element_type=\"widget\" data-widget_type=\"iserv_box_2.default\">\n\t\t\t\t<div class=\"elementor-widget-container\">\n\t\t\t\t\t\r\n\t\t<div class=\"serv-box-2 s2\">\r\n\t\t\t<span class=\"big-number\">01<\/span>\r\n\t\t\t<div class=\"icon-main\">\r\n\t\t        \t\t\t    <img decoding=\"async\" src=\"https:\/\/bravinci.ma\/wp-content\/uploads\/2025\/04\/meeting.png\" alt=\"Meeting and Discovery\">\t\t        \t        <\/div>\r\n\t        <div class=\"content-box\">\r\n\t            <h5>Meeting and Discovery<\/h5>\r\n\t\t\t\t<div>In this initial phase, we get to know your organization, business processes, and data needs. This can be done through interviews, workshops, or a thorough analysis of existing systems. The goal is to gain an overall view of your data infrastructure and determine how to optimize your BI.<\/div>\r\n\t\t\t\t<a href=\"#\" class=\"btn-details\"><\/a>\r\n\t        <\/div>\r\n\t    <\/div>\r\n\r\n\t    \t\t\t\t<\/div>\n\t\t\t\t<\/div>\n\t\t\t\t\t<\/div>\n\t\t<\/div>\n\t\t\t\t\t<\/div>\n\t\t<\/section>\n\t\t\t\t<section class=\"elementor-section elementor-inner-section elementor-element elementor-element-ff0df95 elementor-section-full_width ot-traditional elementor-section-height-default elementor-section-height-default\" data-id=\"ff0df95\" data-element_type=\"section\">\n\t\t\t\t\t\t<div class=\"elementor-container elementor-column-gap-extended\">\n\t\t\t\t\t<div class=\"elementor-column elementor-col-100 elementor-inner-column elementor-element elementor-element-969c66d ot-flex-column-vertical\" data-id=\"969c66d\" data-element_type=\"column\">\n\t\t\t<div class=\"elementor-widget-wrap elementor-element-populated\">\n\t\t\t\t\t\t<div class=\"elementor-element elementor-element-7b767b0 elementor-widget elementor-widget-iserv_box_2\" data-id=\"7b767b0\" data-element_type=\"widget\" data-widget_type=\"iserv_box_2.default\">\n\t\t\t\t<div class=\"elementor-widget-container\">\n\t\t\t\t\t\r\n\t\t<div class=\"serv-box-2 s2\">\r\n\t\t\t<span class=\"big-number\">02<\/span>\r\n\t\t\t<div class=\"icon-main\">\r\n\t\t        \t\t\t    <img decoding=\"async\" src=\"https:\/\/bravinci.ma\/wp-content\/uploads\/2025\/04\/data.png\" alt=\"Data Analysis and Assessment\">\t\t        \t        <\/div>\r\n\t        <div class=\"content-box\">\r\n\t            <h5>Data Analysis and Assessment<\/h5>\r\n\t\t\t\t<div><p>We assess your current infrastructure and identify pain points. This step includes an in-depth study of data sources, data quality, and existing processes. We ask key questions such as:<\/p><ul style=\"list-style:none;\"><li>Where is the data stored?<\/li>\n<li>How is it processed?<\/li>\n<li>What are the company's strategic priorities?<\/li><\/ul>Based on this, we develop an action plan to ensure the best possible solution.\n<\/div>\r\n\t\t\t\t<a href=\"#\" class=\"btn-details\"><\/a>\r\n\t        <\/div>\r\n\t    <\/div>\r\n\r\n\t    \t\t\t\t<\/div>\n\t\t\t\t<\/div>\n\t\t\t\t\t<\/div>\n\t\t<\/div>\n\t\t\t\t\t<\/div>\n\t\t<\/section>\n\t\t\t\t<section class=\"elementor-section elementor-inner-section elementor-element elementor-element-a4a26e8 elementor-section-full_width ot-traditional elementor-section-height-default elementor-section-height-default\" data-id=\"a4a26e8\" data-element_type=\"section\">\n\t\t\t\t\t\t<div class=\"elementor-container elementor-column-gap-extended\">\n\t\t\t\t\t<div class=\"elementor-column elementor-col-100 elementor-inner-column elementor-element elementor-element-4dbb58e ot-flex-column-vertical\" data-id=\"4dbb58e\" data-element_type=\"column\">\n\t\t\t<div class=\"elementor-widget-wrap elementor-element-populated\">\n\t\t\t\t\t\t<div class=\"elementor-element elementor-element-5191d97 elementor-widget elementor-widget-iserv_box_2\" data-id=\"5191d97\" data-element_type=\"widget\" data-widget_type=\"iserv_box_2.default\">\n\t\t\t\t<div class=\"elementor-widget-container\">\n\t\t\t\t\t\r\n\t\t<div class=\"serv-box-2 s2\">\r\n\t\t\t<span class=\"big-number\">03<\/span>\r\n\t\t\t<div class=\"icon-main\">\r\n\t\t        \t\t\t    <img decoding=\"async\" src=\"https:\/\/bravinci.ma\/wp-content\/uploads\/2025\/04\/roadmap.png\" alt=\"Strategy definition and roadmap\">\t\t        \t        <\/div>\r\n\t        <div class=\"content-box\">\r\n\t            <h5>Strategy definition and roadmap<\/h5>\r\n\t\t\t\t<div><p>Based on our analysis, we establish a strategic roadmap. We identify the most appropriate technologies and processes to improve your data infrastructure.\nThis includes selecting the best solutions:\n<\/p><ul style=\"list-style:none;\"><li>Databases adapted to your needs<\/li>\n<li>Migration to the cloud if necessary<\/li>\n<li>Definition of the data warehouse architecture, ETL processes and analytical dashboards.<\/li><\/ul>We select the most appropriate tools and technologies, such as Power BI, Snowflake and Azure, to ensure a powerful and scalable solution.\n<\/div>\r\n\t\t\t\t<a href=\"#\" class=\"btn-details\"><\/a>\r\n\t        <\/div>\r\n\t    <\/div>\r\n\r\n\t    \t\t\t\t<\/div>\n\t\t\t\t<\/div>\n\t\t\t\t\t<\/div>\n\t\t<\/div>\n\t\t\t\t\t<\/div>\n\t\t<\/section>\n\t\t\t\t<section class=\"elementor-section elementor-inner-section elementor-element elementor-element-7cc2e61 elementor-section-full_width ot-traditional elementor-section-height-default elementor-section-height-default\" data-id=\"7cc2e61\" data-element_type=\"section\">\n\t\t\t\t\t\t<div class=\"elementor-container elementor-column-gap-extended\">\n\t\t\t\t\t<div class=\"elementor-column elementor-col-100 elementor-inner-column elementor-element elementor-element-cbbedac ot-flex-column-vertical\" data-id=\"cbbedac\" data-element_type=\"column\">\n\t\t\t<div class=\"elementor-widget-wrap elementor-element-populated\">\n\t\t\t\t\t\t<div class=\"elementor-element elementor-element-4bc711f elementor-widget elementor-widget-iserv_box_2\" data-id=\"4bc711f\" data-element_type=\"widget\" data-widget_type=\"iserv_box_2.default\">\n\t\t\t\t<div class=\"elementor-widget-container\">\n\t\t\t\t\t\r\n\t\t<div class=\"serv-box-2 s2\">\r\n\t\t\t<span class=\"big-number\">04<\/span>\r\n\t\t\t<div class=\"icon-main\">\r\n\t\t        \t\t\t    <img decoding=\"async\" src=\"https:\/\/bravinci.ma\/wp-content\/uploads\/2025\/04\/prototype.png\" alt=\"Design and prototyping\">\t\t        \t        <\/div>\r\n\t        <div class=\"content-box\">\r\n\t            <h5>Design and prototyping<\/h5>\r\n\t\t\t\t<div><p>Before deploying the entire system, we develop a prototype or proof of concept (PoC). This approach allows us to test the proposed solutions in a controlled environment, evaluate their effectiveness, and make any necessary adjustments.\nOnce the prototype is validated, we move on to the full implementation, which includes:<\/p><ul style=\"list-style:none;\"><li>Implementation of ETL processes to ensure data integrity<\/li>\n<li>\tMigration and structuring of databases<\/li>\n<li>Integration of Business Intelligence tools<\/li><\/ul>We ensure a smooth transition without disrupting business operations.\n<\/div>\r\n\t\t\t\t<a href=\"#\" class=\"btn-details\"><\/a>\r\n\t        <\/div>\r\n\t    <\/div>\r\n\r\n\t    \t\t\t\t<\/div>\n\t\t\t\t<\/div>\n\t\t\t\t\t<\/div>\n\t\t<\/div>\n\t\t\t\t\t<\/div>\n\t\t<\/section>\n\t\t\t\t<section class=\"elementor-section elementor-inner-section elementor-element elementor-element-49f86fa elementor-section-full_width ot-traditional elementor-section-height-default elementor-section-height-default\" data-id=\"49f86fa\" data-element_type=\"section\">\n\t\t\t\t\t\t<div class=\"elementor-container elementor-column-gap-extended\">\n\t\t\t\t\t<div class=\"elementor-column elementor-col-100 elementor-inner-column elementor-element elementor-element-f6e514d ot-flex-column-vertical\" data-id=\"f6e514d\" data-element_type=\"column\">\n\t\t\t<div class=\"elementor-widget-wrap elementor-element-populated\">\n\t\t\t\t\t\t<div class=\"elementor-element elementor-element-b4fdf01 elementor-widget elementor-widget-iserv_box_2\" data-id=\"b4fdf01\" data-element_type=\"widget\" data-widget_type=\"iserv_box_2.default\">\n\t\t\t\t<div class=\"elementor-widget-container\">\n\t\t\t\t\t\r\n\t\t<div class=\"serv-box-2 s2\">\r\n\t\t\t<span class=\"big-number\">05<\/span>\r\n\t\t\t<div class=\"icon-main\">\r\n\t\t        \t\t\t    <img decoding=\"async\" src=\"https:\/\/bravinci.ma\/wp-content\/uploads\/2025\/04\/deployment-1.png\" alt=\"Deployment and Implementation\">\t\t        \t        <\/div>\r\n\t        <div class=\"content-box\">\r\n\t            <h5>Deployment and Implementation<\/h5>\r\n\t\t\t\t<div><p>We implement the complete solution, ensuring that all systems communicate effectively.\nOur priorities:<\/p>\n<ul style=\"list-style:none;\"><li>Effective data integration<\/li>\n<li>Optimized ETL processes<\/li>\n<li>Automation and data visualization<\/li><\/ul>\nAutomation and data visualization\n<\/div>\r\n\t\t\t\t<a href=\"#\" class=\"btn-details\"><\/a>\r\n\t        <\/div>\r\n\t    <\/div>\r\n\r\n\t    \t\t\t\t<\/div>\n\t\t\t\t<\/div>\n\t\t\t\t\t<\/div>\n\t\t<\/div>\n\t\t\t\t\t<\/div>\n\t\t<\/section>\n\t\t\t\t<section class=\"elementor-section elementor-inner-section elementor-element elementor-element-97786b7 elementor-section-full_width ot-traditional elementor-section-height-default elementor-section-height-default\" data-id=\"97786b7\" data-element_type=\"section\">\n\t\t\t\t\t\t<div class=\"elementor-container elementor-column-gap-extended\">\n\t\t\t\t\t<div class=\"elementor-column elementor-col-100 elementor-inner-column elementor-element elementor-element-b2a3d07 ot-flex-column-vertical\" data-id=\"b2a3d07\" data-element_type=\"column\">\n\t\t\t<div class=\"elementor-widget-wrap elementor-element-populated\">\n\t\t\t\t\t\t<div class=\"elementor-element elementor-element-0e2f805 elementor-widget elementor-widget-iserv_box_2\" data-id=\"0e2f805\" data-element_type=\"widget\" data-widget_type=\"iserv_box_2.default\">\n\t\t\t\t<div class=\"elementor-widget-container\">\n\t\t\t\t\t\r\n\t\t<div class=\"serv-box-2 s2\">\r\n\t\t\t<span class=\"big-number\">06<\/span>\r\n\t\t\t<div class=\"icon-main\">\r\n\t\t        \t\t\t    <img decoding=\"async\" src=\"https:\/\/bravinci.ma\/wp-content\/uploads\/2025\/04\/continuous-improvement.png\" alt=\"Testing, monitoring and continuous optimization\">\t\t        \t        <\/div>\r\n\t        <div class=\"content-box\">\r\n\t            <h5>Testing, monitoring and continuous optimization<\/h5>\r\n\t\t\t\t<div><p>After implementation, we conduct a series of in-depth tests to ensure the system is functioning perfectly.\nWe implement performance monitoring and identify areas for optimization:\n<\/p>\n<ul style=\"list-style:none;\"><li>Detecting bottlenecks in data flows<\/li>\n<li>Improved processing times<\/li>\n<li>Adapting to changing business needs<\/li><\/ul>\nIf necessary, we take care of the management and administration of your data warehouse to ensure optimal performance.<\/div>\r\n\t\t\t\t<a href=\"#\" class=\"btn-details\"><\/a>\r\n\t        <\/div>\r\n\t    <\/div>\r\n\r\n\t    \t\t\t\t<\/div>\n\t\t\t\t<\/div>\n\t\t\t\t\t<\/div>\n\t\t<\/div>\n\t\t\t\t\t<\/div>\n\t\t<\/section>\n\t\t\t\t<section class=\"elementor-section elementor-inner-section elementor-element elementor-element-b8d8ba9 elementor-section-full_width ot-traditional elementor-section-height-default elementor-section-height-default\" data-id=\"b8d8ba9\" data-element_type=\"section\">\n\t\t\t\t\t\t<div class=\"elementor-container elementor-column-gap-extended\">\n\t\t\t\t\t<div class=\"elementor-column elementor-col-100 elementor-inner-column elementor-element elementor-element-e392c7c ot-flex-column-vertical\" data-id=\"e392c7c\" data-element_type=\"column\">\n\t\t\t<div class=\"elementor-widget-wrap elementor-element-populated\">\n\t\t\t\t\t\t<div class=\"elementor-element elementor-element-58bb4e0 elementor-widget elementor-widget-iserv_box_2\" data-id=\"58bb4e0\" data-element_type=\"widget\" data-widget_type=\"iserv_box_2.default\">\n\t\t\t\t<div class=\"elementor-widget-container\">\n\t\t\t\t\t\r\n\t\t<div class=\"serv-box-2 s2\">\r\n\t\t\t<span class=\"big-number\">07<\/span>\r\n\t\t\t<div class=\"icon-main\">\r\n\t\t        \t\t\t    <img decoding=\"async\" src=\"https:\/\/bravinci.ma\/wp-content\/uploads\/2025\/04\/motivation.png\" alt=\"Support, training and development\">\t\t        \t        <\/div>\r\n\t        <div class=\"content-box\">\r\n\t            <h5>Support, training and development<\/h5>\r\n\t\t\t\t<div>After production launch, we remain involved to ensure the solution's sustainability.\nWe train your teams to enable them to use BI and analytics tools independently.\nIn addition, we offer ongoing support and assist with the evolution and expansion of solutions as your business grows.\nWe prioritize long-term collaboration with our clients.\nWe remain available and responsive to any assistance and ensure that data analysis remains a sustainable strategic lever for your organization.\n\n<\/div>\r\n\t\t\t\t<a href=\"#\" class=\"btn-details\"><\/a>\r\n\t        <\/div>\r\n\t    <\/div>\r\n\r\n\t    \t\t\t\t<\/div>\n\t\t\t\t<\/div>\n\t\t\t\t\t<\/div>\n\t\t<\/div>\n\t\t\t\t\t<\/div>\n\t\t<\/section>\n\t\t\t\t\t<\/div>\n\t\t<\/div>\n\t\t\t\t\t<\/div>\n\t\t<\/section>\n\t\t\t\t<\/div>","protected":false},"excerpt":{"rendered":"<p>Nous adoptons une approche structur\u00e9e, compos\u00e9e de six \u00e9tapes logiques et claires, afin d&rsquo;assurer une impl\u00e9mentation r\u00e9ussie de nos solutions, en \u00e9troite collaboration avec nos clients. 01 Rencontre et d\u00e9couverte Dans cette premi\u00e8re phase, nous apprenons \u00e0 conna\u00eetre votre organisation, vos processus m\u00e9tiers et vos besoins en mati\u00e8re de donn\u00e9es. Cela peut se faire via [&hellip;]<\/p>","protected":false},"author":1,"featured_media":0,"parent":0,"menu_order":0,"comment_status":"closed","ping_status":"closed","template":"","meta":{"footnotes":""},"class_list":["post-5357","page","type-page","status-publish","hentry"],"_links":{"self":[{"href":"https:\/\/bravinci.ma\/en\/wp-json\/wp\/v2\/pages\/5357","targetHints":{"allow":["GET"]}}],"collection":[{"href":"https:\/\/bravinci.ma\/en\/wp-json\/wp\/v2\/pages"}],"about":[{"href":"https:\/\/bravinci.ma\/en\/wp-json\/wp\/v2\/types\/page"}],"author":[{"embeddable":true,"href":"https:\/\/bravinci.ma\/en\/wp-json\/wp\/v2\/users\/1"}],"replies":[{"embeddable":true,"href":"https:\/\/bravinci.ma\/en\/wp-json\/wp\/v2\/comments?post=5357"}],"version-history":[{"count":107,"href":"https:\/\/bravinci.ma\/en\/wp-json\/wp\/v2\/pages\/5357\/revisions"}],"predecessor-version":[{"id":5845,"href":"https:\/\/bravinci.ma\/en\/wp-json\/wp\/v2\/pages\/5357\/revisions\/5845"}],"wp:attachment":[{"href":"https:\/\/bravinci.ma\/en\/wp-json\/wp\/v2\/media?parent=5357"}],"curies":[{"name":"wp","href":"https:\/\/api.w.org\/{rel}","templated":true}]}}