{"id":5602,"date":"2025-03-19T23:15:14","date_gmt":"2025-03-19T23:15:14","guid":{"rendered":"https:\/\/bravinci.ma\/?page_id=5602"},"modified":"2025-03-20T00:18:08","modified_gmt":"2025-03-20T00:18:08","slug":"datawarehousing","status":"publish","type":"page","link":"https:\/\/bravinci.ma\/en\/datawarehousing\/","title":{"rendered":"Datawarehousing"},"content":{"rendered":"<div data-elementor-type=\"wp-page\" data-elementor-id=\"5602\" class=\"elementor elementor-5602\">\n\t\t\t\t\t\t<section class=\"elementor-section elementor-top-section elementor-element elementor-element-07e5780 elementor-section-content-middle ot-traditional elementor-section-boxed elementor-section-height-default elementor-section-height-default\" data-id=\"07e5780\" data-element_type=\"section\" data-settings=\"{&quot;background_background&quot;:&quot;classic&quot;}\">\n\t\t\t\t\t\t\t<div class=\"elementor-background-overlay\"><\/div>\n\t\t\t\t\t\t\t<div class=\"elementor-container elementor-column-gap-extended\">\n\t\t\t\t\t<div class=\"elementor-column elementor-col-50 elementor-top-column elementor-element elementor-element-7a6f9c0 ot-flex-column-vertical\" data-id=\"7a6f9c0\" data-element_type=\"column\">\n\t\t\t<div class=\"elementor-widget-wrap elementor-element-populated\">\n\t\t\t\t\t\t<div class=\"elementor-element elementor-element-1d9472c elementor-widget elementor-widget-iheading\" data-id=\"1d9472c\" data-element_type=\"widget\" data-widget_type=\"iheading.default\">\n\t\t\t\t<div class=\"elementor-widget-container\">\n\t\t\t\t\t\t\t<div class=\"ot-heading\">\r\n\t        \t            <span>\/\/ Service<\/span>\r\n\t        <h2 class=\"main-heading\">DataWarehousing<\/h2>\t    <\/div>\r\n\t    \t\t\t\t<\/div>\n\t\t\t\t<\/div>\n\t\t\t\t<div class=\"elementor-element elementor-element-48e7b1e elementor-hidden-desktop elementor-hidden-tablet elementor-widget elementor-widget-image\" data-id=\"48e7b1e\" data-element_type=\"widget\" data-widget_type=\"image.default\">\n\t\t\t\t<div class=\"elementor-widget-container\">\n\t\t\t\t\t\t\t\t\t\t\t\t\t\t\t<img fetchpriority=\"high\" decoding=\"async\" width=\"1999\" height=\"1143\" src=\"https:\/\/bravinci.ma\/wp-content\/uploads\/2025\/03\/datawarehousing.png\" class=\"attachment-full size-full wp-image-5631\" alt=\"\" srcset=\"https:\/\/bravinci.ma\/wp-content\/uploads\/2025\/03\/datawarehousing.png 1999w, https:\/\/bravinci.ma\/wp-content\/uploads\/2025\/03\/datawarehousing-300x172.png 300w, https:\/\/bravinci.ma\/wp-content\/uploads\/2025\/03\/datawarehousing-1024x586.png 1024w, https:\/\/bravinci.ma\/wp-content\/uploads\/2025\/03\/datawarehousing-768x439.png 768w, https:\/\/bravinci.ma\/wp-content\/uploads\/2025\/03\/datawarehousing-1536x878.png 1536w, https:\/\/bravinci.ma\/wp-content\/uploads\/2025\/03\/datawarehousing-720x412.png 720w\" sizes=\"(max-width: 1999px) 100vw, 1999px\" \/>\t\t\t\t\t\t\t\t\t\t\t\t\t\t\t<\/div>\n\t\t\t\t<\/div>\n\t\t\t\t<div class=\"elementor-element elementor-element-5fb0827 elementor-widget elementor-widget-text-editor\" data-id=\"5fb0827\" data-element_type=\"widget\" data-widget_type=\"text-editor.default\">\n\t\t\t\t<div class=\"elementor-widget-container\">\n\t\t\t\t\t\t\t\t\t<p>We build, manage, and develop\u2026 <strong>data warehouses<\/strong> and analytical environments <strong>Data Warehousing<\/strong> consists of <strong>to collect, store, and manage large volumes of data from different sources<\/strong>in order to be effectively leveraged for more informed decision-making.<\/p>\t\t\t\t\t\t\t\t<\/div>\n\t\t\t\t<\/div>\n\t\t\t\t<div class=\"elementor-element elementor-element-06e9018 elementor-widget elementor-widget-text-editor\" data-id=\"06e9018\" data-element_type=\"widget\" data-widget_type=\"text-editor.default\">\n\t\t\t\t<div class=\"elementor-widget-container\">\n\t\t\t\t\t\t\t\t\t<p>A key element of this architecture is the process <strong>ETL (Extract, Transform, Load)<\/strong>, which consists of <strong>extracting raw data from different sources, cleaning it, and structuring it<\/strong> before loading it into a data warehouse. Thanks to this approach, companies can access reliable insights without having to manually process large volumes of data.<\/p>\t\t\t\t\t\t\t\t<\/div>\n\t\t\t\t<\/div>\n\t\t\t\t<div class=\"elementor-element elementor-element-d436e7f elementor-widget elementor-widget-text-editor\" data-id=\"d436e7f\" data-element_type=\"widget\" data-widget_type=\"text-editor.default\">\n\t\t\t\t<div class=\"elementor-widget-container\">\n\t\t\t\t\t\t\t\t\t<p>We use <strong>advanced ETL tools<\/strong>, such as <strong>Informatica PowerCenter, Talend, Microsoft SSIS, and Azure Data Factory (ADF)<\/strong>, to efficiently manage data flows. Our solutions enable data storage and analysis on powerful platforms such as <strong>Power BI, Azure Synapse, Snowflake et Google BigQuery<\/strong>, thus enabling fast and accurate decision-making.<\/p>\t\t\t\t\t\t\t\t<\/div>\n\t\t\t\t<\/div>\n\t\t\t\t\t<\/div>\n\t\t<\/div>\n\t\t\t\t<div class=\"elementor-column elementor-col-50 elementor-top-column elementor-element elementor-element-681731a ot-flex-column-vertical\" data-id=\"681731a\" data-element_type=\"column\">\n\t\t\t<div class=\"elementor-widget-wrap\">\n\t\t\t\t\t\t\t<\/div>\n\t\t<\/div>\n\t\t\t\t\t<\/div>\n\t\t<\/section>\n\t\t\t\t<\/div>","protected":false},"excerpt":{"rendered":"<p>\/\/ Service DataWarehousing Nous construisons, g\u00e9rons et d\u00e9veloppons des entrep\u00f4ts de donn\u00e9es et des environnements analytiques. Le Datawarehousing consiste \u00e0 collecter, stocker et g\u00e9rer de grands volumes de donn\u00e9es provenant de diff\u00e9rentes sources, afin qu&rsquo;elles puissent \u00eatre exploit\u00e9es efficacement pour une prise de d\u00e9cision plus \u00e9clair\u00e9e. Un \u00e9l\u00e9ment cl\u00e9 de cette architecture est le processus [&hellip;]<\/p>","protected":false},"author":1,"featured_media":0,"parent":0,"menu_order":0,"comment_status":"closed","ping_status":"closed","template":"","meta":{"footnotes":""},"class_list":["post-5602","page","type-page","status-publish","hentry"],"_links":{"self":[{"href":"https:\/\/bravinci.ma\/en\/wp-json\/wp\/v2\/pages\/5602","targetHints":{"allow":["GET"]}}],"collection":[{"href":"https:\/\/bravinci.ma\/en\/wp-json\/wp\/v2\/pages"}],"about":[{"href":"https:\/\/bravinci.ma\/en\/wp-json\/wp\/v2\/types\/page"}],"author":[{"embeddable":true,"href":"https:\/\/bravinci.ma\/en\/wp-json\/wp\/v2\/users\/1"}],"replies":[{"embeddable":true,"href":"https:\/\/bravinci.ma\/en\/wp-json\/wp\/v2\/comments?post=5602"}],"version-history":[{"count":41,"href":"https:\/\/bravinci.ma\/en\/wp-json\/wp\/v2\/pages\/5602\/revisions"}],"predecessor-version":[{"id":5646,"href":"https:\/\/bravinci.ma\/en\/wp-json\/wp\/v2\/pages\/5602\/revisions\/5646"}],"wp:attachment":[{"href":"https:\/\/bravinci.ma\/en\/wp-json\/wp\/v2\/media?parent=5602"}],"curies":[{"name":"wp","href":"https:\/\/api.w.org\/{rel}","templated":true}]}}