{"id":5719,"date":"2025-03-23T00:10:43","date_gmt":"2025-03-23T00:10:43","guid":{"rendered":"https:\/\/bravinci.ma\/?page_id=5719"},"modified":"2025-04-03T21:20:49","modified_gmt":"2025-04-03T21:20:49","slug":"innovation-collaboration","status":"publish","type":"page","link":"https:\/\/bravinci.ma\/en\/innovation-collaboration\/","title":{"rendered":"Innovation and Cooperation"},"content":{"rendered":"<div data-elementor-type=\"wp-page\" data-elementor-id=\"5719\" class=\"elementor elementor-5719\">\n\t\t\t\t\t\t<section class=\"elementor-section elementor-top-section elementor-element elementor-element-740b53b elementor-section-content-middle ot-traditional elementor-section-boxed elementor-section-height-default elementor-section-height-default\" data-id=\"740b53b\" data-element_type=\"section\" data-settings=\"{&quot;background_background&quot;:&quot;classic&quot;}\">\n\t\t\t\t\t\t\t<div class=\"elementor-background-overlay\"><\/div>\n\t\t\t\t\t\t\t<div class=\"elementor-container elementor-column-gap-extended\">\n\t\t\t\t\t<div class=\"elementor-column elementor-col-100 elementor-top-column elementor-element elementor-element-7e984b7 ot-column-items-top ot-flex-column-vertical\" data-id=\"7e984b7\" data-element_type=\"column\">\n\t\t\t<div class=\"elementor-widget-wrap elementor-element-populated\">\n\t\t\t\t\t\t<section class=\"elementor-section elementor-inner-section elementor-element elementor-element-44dcc55 elementor-section-full_width ot-traditional elementor-section-height-default elementor-section-height-default\" data-id=\"44dcc55\" data-element_type=\"section\" data-settings=\"{&quot;background_background&quot;:&quot;classic&quot;}\">\n\t\t\t\t\t\t<div class=\"elementor-container elementor-column-gap-no\">\n\t\t\t\t\t<div class=\"elementor-column elementor-col-33 elementor-inner-column elementor-element elementor-element-07f449a ot-flex-column-vertical\" data-id=\"07f449a\" data-element_type=\"column\">\n\t\t\t<div class=\"elementor-widget-wrap elementor-element-populated\">\n\t\t\t\t\t\t<div class=\"elementor-element elementor-element-9365a93 elementor-widget elementor-widget-iheading\" data-id=\"9365a93\" data-element_type=\"widget\" data-widget_type=\"iheading.default\">\n\t\t\t\t<div class=\"elementor-widget-container\">\n\t\t\t\t\t\t\t<div class=\"ot-heading\">\r\n\t        <h4 class=\"main-heading\">Partnerships with Educational Institutions<\/h4>\t    <\/div>\r\n\t    \t\t\t\t<\/div>\n\t\t\t\t<\/div>\n\t\t\t\t<div class=\"elementor-element elementor-element-398163a elementor-widget elementor-widget-text-editor\" data-id=\"398163a\" data-element_type=\"widget\" data-widget_type=\"text-editor.default\">\n\t\t\t\t<div class=\"elementor-widget-container\">\n\t\t\t\t\t\t\t\t\t<p>We collaborate with <strong>universities and training institutes<\/strong> to develop <strong>skills in data management and analysis<\/strong> for future professionals.<\/p>\t\t\t\t\t\t\t\t<\/div>\n\t\t\t\t<\/div>\n\t\t\t\t<div class=\"elementor-element elementor-element-c3da7a8 elementor-widget elementor-widget-text-editor\" data-id=\"c3da7a8\" data-element_type=\"widget\" data-widget_type=\"text-editor.default\">\n\t\t\t\t<div class=\"elementor-widget-container\">\n\t\t\t\t\t\t\t\t\t<p>We offer <strong>lectures, internships, and joint research projects<\/strong> so that students can acquire <strong>practical experience<\/strong> some <strong>modern data analysis techniques and artificial intelligence (AI)-based solutions<\/strong>.<\/p>\t\t\t\t\t\t\t\t<\/div>\n\t\t\t\t<\/div>\n\t\t\t\t\t<\/div>\n\t\t<\/div>\n\t\t\t\t<div class=\"elementor-column elementor-col-33 elementor-inner-column elementor-element elementor-element-8c2cddd ot-flex-column-vertical\" data-id=\"8c2cddd\" data-element_type=\"column\">\n\t\t\t<div class=\"elementor-widget-wrap elementor-element-populated\">\n\t\t\t\t\t\t<div class=\"elementor-element elementor-element-9b8b150 elementor-widget elementor-widget-iheading\" data-id=\"9b8b150\" data-element_type=\"widget\" data-widget_type=\"iheading.default\">\n\t\t\t\t<div class=\"elementor-widget-container\">\n\t\t\t\t\t\t\t<div class=\"ot-heading\">\r\n\t        <h4 class=\"main-heading\">Community Engagement<\/h4>\t    <\/div>\r\n\t    \t\t\t\t<\/div>\n\t\t\t\t<\/div>\n\t\t\t\t<div class=\"elementor-element elementor-element-a658011 elementor-widget elementor-widget-text-editor\" data-id=\"a658011\" data-element_type=\"widget\" data-widget_type=\"text-editor.default\">\n\t\t\t\t<div class=\"elementor-widget-container\">\n\t\t\t\t\t\t\t\t\t<p>Our team organizes <strong>workshops and hackathons<\/strong> for <strong>bring together companies and startups<\/strong> and <strong>promote knowledge sharing<\/strong>.<\/p>\t\t\t\t\t\t\t\t<\/div>\n\t\t\t\t<\/div>\n\t\t\t\t<div class=\"elementor-element elementor-element-3b3a9e5 elementor-widget elementor-widget-text-editor\" data-id=\"3b3a9e5\" data-element_type=\"widget\" data-widget_type=\"text-editor.default\">\n\t\t\t\t<div class=\"elementor-widget-container\">\n\t\t\t\t\t\t\t\t\t<p>During these events, participants work on <strong>real-world data challenges<\/strong>, learn to use <strong>the latest BI and AI solutions<\/strong> and receive guidance <strong>from our experts<\/strong>.<\/p>\t\t\t\t\t\t\t\t<\/div>\n\t\t\t\t<\/div>\n\t\t\t\t<div class=\"elementor-element elementor-element-984da4f elementor-widget elementor-widget-text-editor\" data-id=\"984da4f\" data-element_type=\"widget\" data-widget_type=\"text-editor.default\">\n\t\t\t\t<div class=\"elementor-widget-container\">\n\t\t\t\t\t\t\t\t\t<p>These initiatives enable companies to <strong>discover and implement new data-driven strategies<\/strong>.<\/p>\t\t\t\t\t\t\t\t<\/div>\n\t\t\t\t<\/div>\n\t\t\t\t\t<\/div>\n\t\t<\/div>\n\t\t\t\t<div class=\"elementor-column elementor-col-33 elementor-inner-column elementor-element elementor-element-6464342 ot-flex-column-vertical\" data-id=\"6464342\" data-element_type=\"column\">\n\t\t\t<div class=\"elementor-widget-wrap elementor-element-populated\">\n\t\t\t\t\t\t<div class=\"elementor-element elementor-element-978f1b2 elementor-widget elementor-widget-iheading\" data-id=\"978f1b2\" data-element_type=\"widget\" data-widget_type=\"iheading.default\">\n\t\t\t\t<div class=\"elementor-widget-container\">\n\t\t\t\t\t\t\t<div class=\"ot-heading\">\r\n\t        <h4 class=\"main-heading\">Sustainability &amp; Environment<\/h4>\t    <\/div>\r\n\t    \t\t\t\t<\/div>\n\t\t\t\t<\/div>\n\t\t\t\t<div class=\"elementor-element elementor-element-c179a84 elementor-widget elementor-widget-text-editor\" data-id=\"c179a84\" data-element_type=\"widget\" data-widget_type=\"text-editor.default\">\n\t\t\t\t<div class=\"elementor-widget-container\">\n\t\t\t\t\t\t\t\t\t<p>We use<strong>data analysis<\/strong> for <strong>promote sustainability<\/strong>, notably by optimizing <strong>energy consumption and reducing waste<\/strong><\/p>\t\t\t\t\t\t\t\t<\/div>\n\t\t\t\t<\/div>\n\t\t\t\t<div class=\"elementor-element elementor-element-992584d elementor-widget elementor-widget-text-editor\" data-id=\"992584d\" data-element_type=\"widget\" data-widget_type=\"text-editor.default\">\n\t\t\t\t<div class=\"elementor-widget-container\">\n\t\t\t\t\t\t\t\t\t<p>Thanks to advanced analytical tools, <strong>companies can identify their energy inefficiencies and take action accordingly<\/strong>.<\/p>\t\t\t\t\t\t\t\t<\/div>\n\t\t\t\t<\/div>\n\t\t\t\t\t<\/div>\n\t\t<\/div>\n\t\t\t\t\t<\/div>\n\t\t<\/section>\n\t\t\t\t\t<\/div>\n\t\t<\/div>\n\t\t\t\t\t<\/div>\n\t\t<\/section>\n\t\t\t\t<section class=\"elementor-section elementor-top-section elementor-element elementor-element-ca02adf elementor-section-full_width elementor-section-content-middle elementor-hidden-tablet elementor-hidden-mobile ot-traditional elementor-section-height-default elementor-section-height-default\" data-id=\"ca02adf\" data-element_type=\"section\">\n\t\t\t\t\t\t<div class=\"elementor-container elementor-column-gap-extended\">\n\t\t\t\t\t<div class=\"elementor-column elementor-col-100 elementor-top-column elementor-element elementor-element-af461c3 ot-flex-column-vertical\" data-id=\"af461c3\" data-element_type=\"column\">\n\t\t\t<div class=\"elementor-widget-wrap elementor-element-populated\">\n\t\t\t\t\t\t<div class=\"elementor-element elementor-element-3c7bf8f elementor-widget elementor-widget-iheading\" data-id=\"3c7bf8f\" data-element_type=\"widget\" data-widget_type=\"iheading.default\">\n\t\t\t\t<div class=\"elementor-widget-container\">\n\t\t\t\t\t\t\t<div class=\"ot-heading\">\r\n\t        <h2 class=\"main-heading\">Application Examples<\/h2>\t    <\/div>\r\n\t    \t\t\t\t<\/div>\n\t\t\t\t<\/div>\n\t\t\t\t<section class=\"elementor-section elementor-inner-section elementor-element elementor-element-ac6dcad elementor-section-full_width ot-traditional elementor-section-height-default elementor-section-height-default\" data-id=\"ac6dcad\" data-element_type=\"section\">\n\t\t\t\t\t\t<div class=\"elementor-container elementor-column-gap-extended\">\n\t\t\t\t\t<div class=\"elementor-column elementor-col-33 elementor-inner-column elementor-element elementor-element-387a0eb ot-flex-column-vertical\" data-id=\"387a0eb\" data-element_type=\"column\">\n\t\t\t<div class=\"elementor-widget-wrap elementor-element-populated\">\n\t\t\t\t\t\t<div class=\"elementor-element elementor-element-e77e86e elementor-widget elementor-widget-isupport_box\" data-id=\"e77e86e\" data-element_type=\"widget\" data-widget_type=\"isupport_box.default\">\n\t\t\t\t<div class=\"elementor-widget-container\">\n\t\t\t\t\t\r\n\t\t<div class=\"support-box\">\r\n\t\t\t<div class=\"inner-box\">\r\n\t\t\t\t<div class=\"overlay flex-middle\">\r\n\t\t\t\t\t<span class=\"number-box\">Energy <\/span>\r\n\t\t\t\t\t<div class=\"inner\">\r\n\t\t\t\t\t\t<p><p  class=\"jst\">Une usine peut utiliser l\u2019analyse \u00e9nerg\u00e9tique intelligente pour d\u00e9tecter les machines inefficaces et les \u00e9teindre automatiquement lorsqu'elles ne sont pas utilis\u00e9es. Cela permet de r\u00e9duire la consommation d\u2019\u00e9nergie et les co\u00fbts op\u00e9rationnels.<\/p><\/p>\r\n\t\t\t\t\t\t<a href=\"#\" class=\"btn-details\"><\/a>\r\n\t\t\t\t\t<\/div>\r\n\t\t\t\t<\/div>\r\n\t\t\t\t<div class=\"content-box\">\r\n\t\t\t\t\t<span class=\"number-box\">Energy <\/span>\r\n\t\t\t\t\t<h3><\/h3>\r\n\t\t\t\t\t<img decoding=\"async\" src=\"https:\/\/bravinci.ma\/wp-content\/uploads\/2025\/03\/energie.jpg\" alt=\"\">\r\n\t\t\t\t<\/div>\r\n\t\t\t<\/div>\r\n\t    <\/div>\r\n\r\n\t    \t\t\t\t<\/div>\n\t\t\t\t<\/div>\n\t\t\t\t\t<\/div>\n\t\t<\/div>\n\t\t\t\t<div class=\"elementor-column elementor-col-33 elementor-inner-column elementor-element elementor-element-6bc33f6 ot-flex-column-vertical\" data-id=\"6bc33f6\" data-element_type=\"column\">\n\t\t\t<div class=\"elementor-widget-wrap elementor-element-populated\">\n\t\t\t\t\t\t<div class=\"elementor-element elementor-element-f0fcbaf elementor-widget elementor-widget-isupport_box\" data-id=\"f0fcbaf\" data-element_type=\"widget\" data-widget_type=\"isupport_box.default\">\n\t\t\t\t<div class=\"elementor-widget-container\">\n\t\t\t\t\t\r\n\t\t<div class=\"support-box\">\r\n\t\t\t<div class=\"inner-box\">\r\n\t\t\t\t<div class=\"overlay flex-middle\">\r\n\t\t\t\t\t<span class=\"number-box\">Retail <\/span>\r\n\t\t\t\t\t<div class=\"inner\">\r\n\t\t\t\t\t\t<p><p  class=\"jst\">Supermarkets can optimize their refrigeration systems using IoT sensors and data analytics, which helps reduce energy consumption by 20%.<\/p><\/p>\r\n\t\t\t\t\t\t<a href=\"#\" class=\"btn-details\"><\/a>\r\n\t\t\t\t\t<\/div>\r\n\t\t\t\t<\/div>\r\n\t\t\t\t<div class=\"content-box\">\r\n\t\t\t\t\t<span class=\"number-box\">Retail <\/span>\r\n\t\t\t\t\t<h3><\/h3>\r\n\t\t\t\t\t<img decoding=\"async\" src=\"https:\/\/bravinci.ma\/wp-content\/uploads\/2025\/03\/Commerce-de-detail.jpg\" alt=\"\">\r\n\t\t\t\t<\/div>\r\n\t\t\t<\/div>\r\n\t    <\/div>\r\n\r\n\t    \t\t\t\t<\/div>\n\t\t\t\t<\/div>\n\t\t\t\t\t<\/div>\n\t\t<\/div>\n\t\t\t\t<div class=\"elementor-column elementor-col-33 elementor-inner-column elementor-element elementor-element-a8a64e6 ot-flex-column-vertical\" data-id=\"a8a64e6\" data-element_type=\"column\">\n\t\t\t<div class=\"elementor-widget-wrap elementor-element-populated\">\n\t\t\t\t\t\t<div class=\"elementor-element elementor-element-5fc2740 elementor-widget elementor-widget-isupport_box\" data-id=\"5fc2740\" data-element_type=\"widget\" data-widget_type=\"isupport_box.default\">\n\t\t\t\t<div class=\"elementor-widget-container\">\n\t\t\t\t\t\r\n\t\t<div class=\"support-box\">\r\n\t\t\t<div class=\"inner-box\">\r\n\t\t\t\t<div class=\"overlay flex-middle\">\r\n\t\t\t\t\t<span class=\"number-box\">Logistics <\/span>\r\n\t\t\t\t\t<div class=\"inner\">\r\n\t\t\t\t\t\t<p><p  class=\"jst\">Transportation companies can analyze real-time traffic data to optimize their routes, reduce fuel consumption, and minimize their carbon footprint.<\/p><\/p>\r\n\t\t\t\t\t\t<a href=\"#\" class=\"btn-details\"><\/a>\r\n\t\t\t\t\t<\/div>\r\n\t\t\t\t<\/div>\r\n\t\t\t\t<div class=\"content-box\">\r\n\t\t\t\t\t<span class=\"number-box\">Logistics <\/span>\r\n\t\t\t\t\t<h3><\/h3>\r\n\t\t\t\t\t<img decoding=\"async\" src=\"https:\/\/bravinci.ma\/wp-content\/uploads\/2025\/03\/logistique-1.jpg\" alt=\"\">\r\n\t\t\t\t<\/div>\r\n\t\t\t<\/div>\r\n\t    <\/div>\r\n\r\n\t    \t\t\t\t<\/div>\n\t\t\t\t<\/div>\n\t\t\t\t\t<\/div>\n\t\t<\/div>\n\t\t\t\t\t<\/div>\n\t\t<\/section>\n\t\t\t\t\t<\/div>\n\t\t<\/div>\n\t\t\t\t\t<\/div>\n\t\t<\/section>\n\t\t\t\t<section class=\"elementor-section elementor-top-section elementor-element elementor-element-a7a0df6 elementor-section-full_width elementor-section-content-middle elementor-hidden-desktop ot-traditional elementor-section-height-default elementor-section-height-default\" data-id=\"a7a0df6\" data-element_type=\"section\">\n\t\t\t\t\t\t<div class=\"elementor-container elementor-column-gap-extended\">\n\t\t\t\t\t<div class=\"elementor-column elementor-col-100 elementor-top-column elementor-element elementor-element-a11f1e0 ot-flex-column-vertical\" data-id=\"a11f1e0\" data-element_type=\"column\">\n\t\t\t<div class=\"elementor-widget-wrap elementor-element-populated\">\n\t\t\t\t\t\t<div class=\"elementor-element elementor-element-2589524 elementor-widget elementor-widget-iheading\" data-id=\"2589524\" data-element_type=\"widget\" data-widget_type=\"iheading.default\">\n\t\t\t\t<div class=\"elementor-widget-container\">\n\t\t\t\t\t\t\t<div class=\"ot-heading\">\r\n\t        <h2 class=\"main-heading\">Application Examples<\/h2>\t    <\/div>\r\n\t    \t\t\t\t<\/div>\n\t\t\t\t<\/div>\n\t\t\t\t<section class=\"elementor-section elementor-inner-section elementor-element elementor-element-db0732b elementor-section-full_width ot-traditional elementor-section-height-default elementor-section-height-default\" data-id=\"db0732b\" data-element_type=\"section\">\n\t\t\t\t\t\t<div class=\"elementor-container elementor-column-gap-extended\">\n\t\t\t\t\t<div class=\"elementor-column elementor-col-33 elementor-inner-column elementor-element elementor-element-7525b71 ot-flex-column-vertical\" data-id=\"7525b71\" data-element_type=\"column\">\n\t\t\t<div class=\"elementor-widget-wrap elementor-element-populated\">\n\t\t\t\t\t\t<div class=\"elementor-element elementor-element-b9c3945 elementor-position-top elementor-position-top elementor-widget elementor-widget-image-box\" data-id=\"b9c3945\" data-element_type=\"widget\" data-widget_type=\"image-box.default\">\n\t\t\t\t<div class=\"elementor-widget-container\">\n\t\t\t\t\t<div class=\"elementor-image-box-wrapper\"><figure class=\"elementor-image-box-img\"><img fetchpriority=\"high\" decoding=\"async\" width=\"750\" height=\"588\" src=\"https:\/\/bravinci.ma\/wp-content\/uploads\/2025\/03\/energie.jpg\" class=\"attachment-full size-full wp-image-5775\" alt=\"\" srcset=\"https:\/\/bravinci.ma\/wp-content\/uploads\/2025\/03\/energie.jpg 750w, https:\/\/bravinci.ma\/wp-content\/uploads\/2025\/03\/energie-300x235.jpg 300w, https:\/\/bravinci.ma\/wp-content\/uploads\/2025\/03\/energie-720x564.jpg 720w\" sizes=\"(max-width: 750px) 100vw, 750px\" \/><\/figure><div class=\"elementor-image-box-content\"><h3 class=\"elementor-image-box-title\">Energy<\/h3><p class=\"elementor-image-box-description\"><p style=\"text-align: justify\">Une usine peut utiliser l\u2019analyse \u00e9nerg\u00e9tique intelligente pour d\u00e9tecter les machines inefficaces et les \u00e9teindre automatiquement lorsqu'elles ne sont pas utilis\u00e9es. Cela permet de r\u00e9duire la consommation d\u2019\u00e9nergie et les co\u00fbts op\u00e9rationnels.<\/p><\/p><\/div><\/div>\t\t\t\t<\/div>\n\t\t\t\t<\/div>\n\t\t\t\t\t<\/div>\n\t\t<\/div>\n\t\t\t\t<div class=\"elementor-column elementor-col-33 elementor-inner-column elementor-element elementor-element-2146d70 ot-flex-column-vertical\" data-id=\"2146d70\" data-element_type=\"column\">\n\t\t\t<div class=\"elementor-widget-wrap elementor-element-populated\">\n\t\t\t\t\t\t<div class=\"elementor-element elementor-element-badba14 elementor-position-top elementor-position-top elementor-widget elementor-widget-image-box\" data-id=\"badba14\" data-element_type=\"widget\" data-widget_type=\"image-box.default\">\n\t\t\t\t<div class=\"elementor-widget-container\">\n\t\t\t\t\t<div class=\"elementor-image-box-wrapper\"><figure class=\"elementor-image-box-img\"><img decoding=\"async\" width=\"750\" height=\"588\" src=\"https:\/\/bravinci.ma\/wp-content\/uploads\/2025\/03\/Commerce-de-detail.jpg\" class=\"attachment-full size-full wp-image-5777\" alt=\"\" srcset=\"https:\/\/bravinci.ma\/wp-content\/uploads\/2025\/03\/Commerce-de-detail.jpg 750w, https:\/\/bravinci.ma\/wp-content\/uploads\/2025\/03\/Commerce-de-detail-300x235.jpg 300w, https:\/\/bravinci.ma\/wp-content\/uploads\/2025\/03\/Commerce-de-detail-720x564.jpg 720w\" sizes=\"(max-width: 750px) 100vw, 750px\" \/><\/figure><div class=\"elementor-image-box-content\"><h3 class=\"elementor-image-box-title\">Retail<\/h3><p class=\"elementor-image-box-description\"><p style=\"text-align: justify\">Supermarkets can optimize their refrigeration systems using IoT sensors and data analytics, which helps reduce energy consumption by 20%.<\/p><\/p><\/div><\/div>\t\t\t\t<\/div>\n\t\t\t\t<\/div>\n\t\t\t\t\t<\/div>\n\t\t<\/div>\n\t\t\t\t<div class=\"elementor-column elementor-col-33 elementor-inner-column elementor-element elementor-element-0d01dac ot-flex-column-vertical\" data-id=\"0d01dac\" data-element_type=\"column\">\n\t\t\t<div class=\"elementor-widget-wrap elementor-element-populated\">\n\t\t\t\t\t\t<div class=\"elementor-element elementor-element-9a63a67 elementor-position-top elementor-position-top elementor-widget elementor-widget-image-box\" data-id=\"9a63a67\" data-element_type=\"widget\" data-widget_type=\"image-box.default\">\n\t\t\t\t<div class=\"elementor-widget-container\">\n\t\t\t\t\t<div class=\"elementor-image-box-wrapper\"><figure class=\"elementor-image-box-img\"><img decoding=\"async\" width=\"750\" height=\"588\" src=\"https:\/\/bravinci.ma\/wp-content\/uploads\/2025\/03\/logistique-1.jpg\" class=\"attachment-full size-full wp-image-5779\" alt=\"\" srcset=\"https:\/\/bravinci.ma\/wp-content\/uploads\/2025\/03\/logistique-1.jpg 750w, https:\/\/bravinci.ma\/wp-content\/uploads\/2025\/03\/logistique-1-300x235.jpg 300w, https:\/\/bravinci.ma\/wp-content\/uploads\/2025\/03\/logistique-1-720x564.jpg 720w\" sizes=\"(max-width: 750px) 100vw, 750px\" \/><\/figure><div class=\"elementor-image-box-content\"><h3 class=\"elementor-image-box-title\">Logistics<\/h3><p class=\"elementor-image-box-description\"><p style=\"text-align: justify\">Transportation companies can analyze real-time traffic data to optimize their routes, reduce fuel consumption, and minimize their carbon footprint.<\/p><\/p><\/div><\/div>\t\t\t\t<\/div>\n\t\t\t\t<\/div>\n\t\t\t\t\t<\/div>\n\t\t<\/div>\n\t\t\t\t\t<\/div>\n\t\t<\/section>\n\t\t\t\t\t<\/div>\n\t\t<\/div>\n\t\t\t\t\t<\/div>\n\t\t<\/section>\n\t\t\t\t<\/div>","protected":false},"excerpt":{"rendered":"<p>Partenariats avec les \u00e9tablissements d&rsquo;enseignement Nous collaborons avec des universit\u00e9s et des instituts de formation pour d\u00e9velopper les comp\u00e9tences en gestion et analyse des donn\u00e9es des futurs professionnels. Nous proposons des cours magistraux, des stages et des projets de recherche conjoints afin que les \u00e9tudiants puissent acqu\u00e9rir une exp\u00e9rience pratique des techniques modernes d\u2019analyse de [&hellip;]<\/p>","protected":false},"author":1,"featured_media":0,"parent":0,"menu_order":0,"comment_status":"closed","ping_status":"closed","template":"","meta":{"footnotes":""},"class_list":["post-5719","page","type-page","status-publish","hentry"],"_links":{"self":[{"href":"https:\/\/bravinci.ma\/en\/wp-json\/wp\/v2\/pages\/5719","targetHints":{"allow":["GET"]}}],"collection":[{"href":"https:\/\/bravinci.ma\/en\/wp-json\/wp\/v2\/pages"}],"about":[{"href":"https:\/\/bravinci.ma\/en\/wp-json\/wp\/v2\/types\/page"}],"author":[{"embeddable":true,"href":"https:\/\/bravinci.ma\/en\/wp-json\/wp\/v2\/users\/1"}],"replies":[{"embeddable":true,"href":"https:\/\/bravinci.ma\/en\/wp-json\/wp\/v2\/comments?post=5719"}],"version-history":[{"count":86,"href":"https:\/\/bravinci.ma\/en\/wp-json\/wp\/v2\/pages\/5719\/revisions"}],"predecessor-version":[{"id":5818,"href":"https:\/\/bravinci.ma\/en\/wp-json\/wp\/v2\/pages\/5719\/revisions\/5818"}],"wp:attachment":[{"href":"https:\/\/bravinci.ma\/en\/wp-json\/wp\/v2\/media?parent=5719"}],"curies":[{"name":"wp","href":"https:\/\/api.w.org\/{rel}","templated":true}]}}